{"id":987914,"date":"2025-10-28T20:37:09","date_gmt":"2025-10-28T20:37:09","guid":{"rendered":"https:\/\/cloud-tester.com\/noon2\/?page_id=987914"},"modified":"2025-11-16T12:24:49","modified_gmt":"2025-11-16T12:24:49","slug":"sustainability","status":"publish","type":"page","link":"https:\/\/noontrade.com\/tr\/sustainability\/","title":{"rendered":"S\u00fcrd\u00fcr\u00fclebilirlik"},"content":{"rendered":"<div data-elementor-type=\"wp-page\" data-elementor-id=\"987914\" class=\"elementor elementor-987914\" data-elementor-post-type=\"page\">\n\t\t\t\t<div class=\"elementor-element elementor-element-3d65996 e-flex e-con-boxed e-con e-parent\" data-id=\"3d65996\" data-element_type=\"container\">\n\t\t\t\t\t<div class=\"e-con-inner\">\n\t\t<div class=\"elementor-element elementor-element-f485dcb e-con-full e-flex e-con e-child\" data-id=\"f485dcb\" data-element_type=\"container\">\n\t\t<div class=\"elementor-element elementor-element-f44a232 e-con-full e-flex e-con e-child\" data-id=\"f44a232\" data-element_type=\"container\">\n\t\t\t\t<div class=\"elementor-element elementor-element-9432172 elementor-invisible animated-fast elementor-widget__width-initial elementor-widget elementor-widget-heading\" data-id=\"9432172\" data-element_type=\"widget\" data-settings=\"{&quot;_animation&quot;:&quot;fadeIn&quot;}\" data-widget_type=\"heading.default\">\n\t\t\t\t<div class=\"elementor-widget-container\">\n\t\t\t\t\t<h2 class=\"elementor-heading-title elementor-size-default translation-block\">Daha Ye\u015fil Bir Gelecek \u0130\u00e7in <span class=\"color-accent-4\">S\u00fcrd\u00fcr\u00fclebilir Enerji<\/span> Hizmetleri ve \u00dcr\u00fcnleri Sa\u011flamak<\/h2>\t\t\t\t<\/div>\n\t\t\t\t<\/div>\n\t\t\t\t<\/div>\n\t\t<div class=\"elementor-element elementor-element-3b5f22b e-con-full e-flex e-con e-child\" data-id=\"3b5f22b\" data-element_type=\"container\">\n\t\t\t\t<div class=\"elementor-element elementor-element-96cebbc elementor-widget elementor-widget-text-editor\" data-id=\"96cebbc\" data-element_type=\"widget\" data-widget_type=\"text-editor.default\">\n\t\t\t\t<div class=\"elementor-widget-container\">\n\t\t\t\t\t\t\t\t\t<p class=\"translation-block\">S\u00fcrd\u00fcr\u00fclebilirlik, stratejimizin merkezindedir. Noon\u2019da, karbon emisyonlar\u0131n\u0131 azaltmaya ve \u00e7evrenin korunmas\u0131n\u0131 desteklemeye yard\u0131mc\u0131 olan s\u00fcrd\u00fcr\u00fclebilir enerji giri\u015fimlerini y\u00fcr\u00fct\u00fcyoruz. Operasyonlar\u0131m\u0131zda enerji verimlili\u011fini art\u0131rmaktan, daha temiz enerji kaynaklar\u0131na ve teknolojilere yat\u0131r\u0131m yapmaya kadar ekolojik ayak izimizi azaltman\u0131n yollar\u0131n\u0131 s\u00fcrekli ar\u0131yoruz.<\/p><p>Projelerimiz, h\u00fck\u00fcmet programlar\u0131, b\u00fcy\u00fck altyap\u0131 projeleri ve kurumsal yenilenebilir enerji ihtiya\u00e7lar\u0131 i\u00e7in g\u00fcvenilir bir ortak olmam\u0131z\u0131 sa\u011flar. Yenilenebilir enerji \u00fcretimi, emisyon azalt\u0131m\u0131 ve s\u00fcrd\u00fcr\u00fclebilir lojistik \u00e7\u00f6z\u00fcmleri gibi giri\u015fimlerde i\u015f birli\u011fi yaparak, g\u00fcvenilir ve \u00e7evre dostu enerji \u00e7\u00f6z\u00fcmlerine g\u00fc\u00e7l\u00fc ba\u011fl\u0131l\u0131\u011f\u0131m\u0131z\u0131 g\u00f6steriyoruz. \u0130\u015fimizi k\u00fcresel s\u00fcrd\u00fcr\u00fclebilirlik hedefleriyle uyumlu hale getirerek, hem payda\u015flar\u0131m\u0131za hem de gezegene uzun vadeli de\u011fer yaratmay\u0131 hedefliyoruz.<\/p>\t\t\t\t\t\t\t\t<\/div>\n\t\t\t\t<\/div>\n\t\t\t\t<\/div>\n\t\t\t\t<\/div>\n\t\t\t\t\t<\/div>\n\t\t\t\t<\/div>\n\t\t\t\t<\/div>","protected":false},"excerpt":{"rendered":"<p>Driving Sustainable Energy Services and products for a Greener Future Sustainability is at the core of our strategy. At Noon, we drive sustainable energy initiatives that help lower carbon emissions and support environmental conservation. We continually seek ways to reduce our ecological footprint \u2013 from improving energy efficiency in our operations to investing in cleaner&#8230;<\/p>","protected":false},"author":1,"featured_media":987915,"parent":0,"menu_order":0,"comment_status":"closed","ping_status":"closed","template":"","meta":{"_acf_changed":false,"footnotes":""},"class_list":["post-987914","page","type-page","status-publish","has-post-thumbnail","hentry"],"acf":[],"_links":{"self":[{"href":"https:\/\/noontrade.com\/tr\/wp-json\/wp\/v2\/pages\/987914","targetHints":{"allow":["GET"]}}],"collection":[{"href":"https:\/\/noontrade.com\/tr\/wp-json\/wp\/v2\/pages"}],"about":[{"href":"https:\/\/noontrade.com\/tr\/wp-json\/wp\/v2\/types\/page"}],"author":[{"embeddable":true,"href":"https:\/\/noontrade.com\/tr\/wp-json\/wp\/v2\/users\/1"}],"replies":[{"embeddable":true,"href":"https:\/\/noontrade.com\/tr\/wp-json\/wp\/v2\/comments?post=987914"}],"version-history":[{"count":8,"href":"https:\/\/noontrade.com\/tr\/wp-json\/wp\/v2\/pages\/987914\/revisions"}],"predecessor-version":[{"id":988036,"href":"https:\/\/noontrade.com\/tr\/wp-json\/wp\/v2\/pages\/987914\/revisions\/988036"}],"wp:featuredmedia":[{"embeddable":true,"href":"https:\/\/noontrade.com\/tr\/wp-json\/wp\/v2\/media\/987915"}],"wp:attachment":[{"href":"https:\/\/noontrade.com\/tr\/wp-json\/wp\/v2\/media?parent=987914"}],"curies":[{"name":"wp","href":"https:\/\/api.w.org\/{rel}","templated":true}]}}