{"id":987886,"date":"2025-10-28T18:23:08","date_gmt":"2025-10-28T18:23:08","guid":{"rendered":"https:\/\/cloud-tester.com\/noon2\/?page_id=987886"},"modified":"2025-11-26T10:57:00","modified_gmt":"2025-11-26T10:57:00","slug":"operation-and-business-model","status":"publish","type":"page","link":"https:\/\/noontrade.com\/tr\/operation-and-business-model\/","title":{"rendered":"Operasyon ve \u0130\u015f Modeli"},"content":{"rendered":"<div data-elementor-type=\"wp-page\" data-elementor-id=\"987886\" class=\"elementor elementor-987886\" data-elementor-post-type=\"page\">\n\t\t\t\t<div class=\"elementor-element elementor-element-ef3e7fc e-flex e-con-boxed e-con e-parent\" data-id=\"ef3e7fc\" data-element_type=\"container\">\n\t\t\t\t\t<div class=\"e-con-inner\">\n\t\t\t\t<div class=\"elementor-element elementor-element-0f01a34 elementor-invisible elementor-widget__width-auto animated-fast elementor-widget elementor-widget-heading\" data-id=\"0f01a34\" data-element_type=\"widget\" data-settings=\"{&quot;_animation&quot;:&quot;fadeIn&quot;,&quot;_animation_delay&quot;:50}\" data-widget_type=\"heading.default\">\n\t\t\t\t<div class=\"elementor-widget-container\">\n\t\t\t\t\t<div class=\"elementor-heading-title elementor-size-default\">Ne Yap\u0131yoruz?<\/div>\t\t\t\t<\/div>\n\t\t\t\t<\/div>\n\t\t<div class=\"elementor-element elementor-element-c182c64 e-con-full e-flex e-con e-child\" data-id=\"c182c64\" data-element_type=\"container\">\n\t\t<div class=\"elementor-element elementor-element-3e0a37e e-con-full e-flex e-con e-child\" data-id=\"3e0a37e\" data-element_type=\"container\">\n\t\t\t\t<div class=\"elementor-element elementor-element-20290db elementor-invisible elementor-widget__width-initial animated-fast elementor-widget elementor-widget-heading\" data-id=\"20290db\" data-element_type=\"widget\" data-settings=\"{&quot;_animation&quot;:&quot;fadeIn&quot;}\" data-widget_type=\"heading.default\">\n\t\t\t\t<div class=\"elementor-widget-container\">\n\t\t\t\t\t<h2 class=\"elementor-heading-title elementor-size-default translation-block\">\u0130stikrar ve B\u00fcy\u00fcme Temelli <span class=\"color-accent-4\">Stratejik<\/span> Ticaret<\/h2>\t\t\t\t<\/div>\n\t\t\t\t<\/div>\n\t\t\t\t<\/div>\n\t\t<div class=\"elementor-element elementor-element-b9b7b34 e-con-full e-flex e-con e-child\" data-id=\"b9b7b34\" data-element_type=\"container\">\n\t\t\t\t<div class=\"elementor-element elementor-element-650d85f elementor-invisible animated-fast elementor-widget elementor-widget-text-editor\" data-id=\"650d85f\" data-element_type=\"widget\" data-settings=\"{&quot;_animation&quot;:&quot;fadeIn&quot;}\" data-widget_type=\"text-editor.default\">\n\t\t\t\t<div class=\"elementor-widget-container\">\n\t\t\t\t\t\t\t\t\t<p class=\"translation-block\">Ba\u015far\u0131s\u0131n\u0131 ve g\u00fcvenilirli\u011fini kan\u0131tlam\u0131\u015f g\u00fc\u00e7l\u00fc bir ge\u00e7mi\u015fe dayanan <strong>y\u00fcksek getiri, d\u00fc\u015f\u00fck risk<\/strong> i\u015f modeli izliyoruz. Bu strateji, dikkatli risk y\u00f6netimi ve operasyonel m\u00fckemmelli\u011fe odaklanarak, de\u011fi\u015fken piyasalarda bile taahh\u00fctlerimizi yerine getirmemizi sa\u011flar. Fiziksel hacimleri kendi end\u00fcstriyel varl\u0131klar\u0131m\u0131zdan ve g\u00fcvenilir \u00fc\u00e7\u00fcnc\u00fc taraf tedarik\u00e7ilerden temin ediyor, ard\u0131ndan k\u00e2rl\u0131 f\u0131rsatlar\u0131 yakalamak i\u00e7in bunlar\u0131 d\u00fcnya \u00e7ap\u0131nda stratejik olarak pazarlay\u0131p sat\u0131yoruz.<\/p>\t\t\t\t\t\t\t\t<\/div>\n\t\t\t\t<\/div>\n\t\t\t\t<\/div>\n\t\t\t\t<\/div>\n\t\t\t\t\t<\/div>\n\t\t\t\t<\/div>\n\t\t<div class=\"elementor-element elementor-element-e6c8511 e-flex e-con-boxed e-con e-child\" data-id=\"e6c8511\" data-element_type=\"container\">\n\t\t\t\t\t<div class=\"e-con-inner\">\n\t\t<div class=\"elementor-element elementor-element-3891c87 e-con-full vamtam-icon-hover-parent e-flex e-con e-child\" data-id=\"3891c87\" data-element_type=\"container\" data-settings=\"{&quot;background_background&quot;:&quot;classic&quot;}\">\n\t\t<div class=\"elementor-element elementor-element-33854bc e-con-full e-flex e-con e-child\" data-id=\"33854bc\" data-element_type=\"container\">\n\t\t<div class=\"elementor-element elementor-element-ce2497a e-con-full e-flex e-con e-child\" data-id=\"ce2497a\" data-element_type=\"container\">\n\t\t\t\t<div class=\"elementor-element elementor-element-80832e0 elementor-widget elementor-widget-heading\" data-id=\"80832e0\" data-element_type=\"widget\" data-widget_type=\"heading.default\">\n\t\t\t\t<div class=\"elementor-widget-container\">\n\t\t\t\t\t<h3 class=\"elementor-heading-title elementor-size-default\">Operasyonlar\u0131m\u0131z, s\u00fcrd\u00fcr\u00fclebilirlik ve g\u00fc\u00e7l\u00fc ESG de\u011ferlerine ba\u011fl\u0131l\u0131kla y\u00f6nlendirilir \u2014 m\u00fckemmelli\u011fi hedeflerken \u00e7evresel ve sosyal y\u00f6neti\u015fim ilkelerini karar alma s\u00fcre\u00e7lerimize entegre ederiz. Bug\u00fcnk\u00fc eylemlerimizin, insanlar\u0131n ya\u015famlar\u0131n\u0131, topluluklar\u0131 ve gezegeni uzun vadede \u015fekillendirdi\u011fini anl\u0131yoruz. Bu nedenle, ortaklar\u0131m\u0131za rekabet\u00e7i fiyatlar ve g\u00fcvenilir tedarik sunarken kalite ve s\u00fcrd\u00fcr\u00fclebilirli\u011fi \u00f6nceliklendiriyoruz.<\/h3>\t\t\t\t<\/div>\n\t\t\t\t<\/div>\n\t\t\t\t<\/div>\n\t\t<div class=\"elementor-element elementor-element-49b70d0 e-con-full e-flex e-con e-child\" data-id=\"49b70d0\" data-element_type=\"container\">\n\t\t\t\t<div class=\"vamtam-has-theme-widget-styles elementor-element elementor-element-d45dfa3 elementor-view-default elementor-widget elementor-widget-icon\" data-id=\"d45dfa3\" data-element_type=\"widget\" data-widget_type=\"icon.default\">\n\t\t\t\t<div class=\"elementor-widget-container\">\n\t\t\t\t\t\t\t<div class=\"elementor-icon-wrapper\">\n\t\t\t<div class=\"elementor-icon\">\n\t\t\t<i aria-hidden=\"true\" class=\"vamtamtheme- vamtam-theme-sign-star\"><\/i>\t\t\t<\/div>\n\t\t<\/div>\n\t\t\t\t\t\t<\/div>\n\t\t\t\t<\/div>\n\t\t\t\t<\/div>\n\t\t\t\t<\/div>\n\t\t\t\t<\/div>\n\t\t<div class=\"elementor-element elementor-element-7a16fba e-con-full e-flex e-con e-child\" data-id=\"7a16fba\" data-element_type=\"container\" data-settings=\"{&quot;background_background&quot;:&quot;classic&quot;}\">\n\t\t<div class=\"elementor-element elementor-element-4d60b38 e-con-full e-flex e-con e-child\" data-id=\"4d60b38\" data-element_type=\"container\">\n\t\t<div class=\"elementor-element elementor-element-62422ea e-con-full e-flex e-con e-child\" data-id=\"62422ea\" data-element_type=\"container\">\n\t\t\t\t<div class=\"elementor-element elementor-element-62462ee elementor-invisible elementor-widget__width-initial animated-fast elementor-widget elementor-widget-heading\" data-id=\"62462ee\" data-element_type=\"widget\" data-settings=\"{&quot;_animation&quot;:&quot;slideInUp&quot;,&quot;_animation_delay&quot;:50}\" data-widget_type=\"heading.default\">\n\t\t\t\t<div class=\"elementor-widget-container\">\n\t\t\t\t\t<div class=\"elementor-heading-title elementor-size-default\">Noon\u2019da, i\u015f s\u00fcre\u00e7lerimizin her a\u015famas\u0131nda d\u00fcr\u00fcstl\u00fck, uyumluluk ve verimlili\u011fe b\u00fcy\u00fck \u00f6nem veriyoruz. Birle\u015fik ekibimiz, i\u015f birli\u011fine dayal\u0131 k\u00fclt\u00fcr\u00fcm\u00fcz ve geli\u015fmi\u015f piyasa i\u00e7g\u00f6r\u00fclerimiz sayesinde h\u0131zl\u0131 ve sorumlu bir \u015fekilde hareket edebiliyoruz. Bu b\u00fct\u00fcnc\u00fcl yakla\u015f\u0131m, payda\u015flara de\u011fer sunmam\u0131z\u0131 ve etik veya g\u00fcvenlikten \u00f6d\u00fcn vermeden kal\u0131c\u0131 ortakl\u0131klar kurmam\u0131z\u0131 garanti eder.<\/div>\t\t\t\t<\/div>\n\t\t\t\t<\/div>\n\t\t\t\t<\/div>\n\t\t<div class=\"elementor-element elementor-element-d7d12b8 e-con-full e-flex e-con e-child\" data-id=\"d7d12b8\" data-element_type=\"container\">\n\t\t\t\t<div class=\"vamtam-has-theme-widget-styles elementor-element elementor-element-f89d5a9 elementor-view-stacked elementor-shape-circle elementor-widget elementor-widget-icon\" data-id=\"f89d5a9\" data-element_type=\"widget\" data-widget_type=\"icon.default\">\n\t\t\t\t<div class=\"elementor-widget-container\">\n\t\t\t\t\t\t\t<div class=\"elementor-icon-wrapper\">\n\t\t\t<div class=\"elementor-icon\">\n\t\t\t<i aria-hidden=\"true\" class=\"vamtamtheme- vamtam-theme-stats\"><\/i>\t\t\t<\/div>\n\t\t<\/div>\n\t\t\t\t\t\t<\/div>\n\t\t\t\t<\/div>\n\t\t\t\t<\/div>\n\t\t\t\t<\/div>\n\t\t\t\t<div class=\"elementor-element elementor-element-53b7bd7 elementor-absolute elementor-widget elementor-widget-spacer\" data-id=\"53b7bd7\" data-element_type=\"widget\" data-settings=\"{&quot;_position&quot;:&quot;absolute&quot;}\" data-widget_type=\"spacer.default\">\n\t\t\t\t<div class=\"elementor-widget-container\">\n\t\t\t\t\t\t\t<div class=\"elementor-spacer\">\n\t\t\t<div class=\"elementor-spacer-inner\"><\/div>\n\t\t<\/div>\n\t\t\t\t\t\t<\/div>\n\t\t\t\t<\/div>\n\t\t\t\t<\/div>\n\t\t\t\t\t<\/div>\n\t\t\t\t<\/div>\n\t\t\t\t<\/div>","protected":false},"excerpt":{"rendered":"<p>What we do? Strategic Trading Built on Stability and Growth We follow a high-return, low-risk business model, backed by a strong track record that proves its success and reliability. This strategy emphasizes prudent risk management and operational excellence, enabling us to meet our commitments even in volatile markets. We source physical volumes from our own&#8230;<\/p>","protected":false},"author":1,"featured_media":987871,"parent":0,"menu_order":0,"comment_status":"closed","ping_status":"closed","template":"","meta":{"_acf_changed":false,"footnotes":""},"class_list":["post-987886","page","type-page","status-publish","has-post-thumbnail","hentry"],"acf":[],"_links":{"self":[{"href":"https:\/\/noontrade.com\/tr\/wp-json\/wp\/v2\/pages\/987886","targetHints":{"allow":["GET"]}}],"collection":[{"href":"https:\/\/noontrade.com\/tr\/wp-json\/wp\/v2\/pages"}],"about":[{"href":"https:\/\/noontrade.com\/tr\/wp-json\/wp\/v2\/types\/page"}],"author":[{"embeddable":true,"href":"https:\/\/noontrade.com\/tr\/wp-json\/wp\/v2\/users\/1"}],"replies":[{"embeddable":true,"href":"https:\/\/noontrade.com\/tr\/wp-json\/wp\/v2\/comments?post=987886"}],"version-history":[{"count":18,"href":"https:\/\/noontrade.com\/tr\/wp-json\/wp\/v2\/pages\/987886\/revisions"}],"predecessor-version":[{"id":988306,"href":"https:\/\/noontrade.com\/tr\/wp-json\/wp\/v2\/pages\/987886\/revisions\/988306"}],"wp:featuredmedia":[{"embeddable":true,"href":"https:\/\/noontrade.com\/tr\/wp-json\/wp\/v2\/media\/987871"}],"wp:attachment":[{"href":"https:\/\/noontrade.com\/tr\/wp-json\/wp\/v2\/media?parent=987886"}],"curies":[{"name":"wp","href":"https:\/\/api.w.org\/{rel}","templated":true}]}}