{"id":49,"date":"2025-02-13T14:23:39","date_gmt":"2025-02-13T14:23:39","guid":{"rendered":"https:\/\/finovate.vamtam.com\/?page_id=49"},"modified":"2026-02-11T14:07:42","modified_gmt":"2026-02-11T14:07:42","slug":"contact-us","status":"publish","type":"page","link":"https:\/\/noontrade.com\/tr\/contact-us\/","title":{"rendered":"\u0130leti\u015fim"},"content":{"rendered":"<div data-elementor-type=\"wp-page\" data-elementor-id=\"49\" class=\"elementor elementor-49\" data-elementor-post-type=\"page\">\n\t\t\t\t<div class=\"elementor-element elementor-element-b08375e e-flex e-con-boxed e-con e-parent\" data-id=\"b08375e\" data-element_type=\"container\">\n\t\t\t\t\t<div class=\"e-con-inner\">\n\t\t<div class=\"elementor-element elementor-element-f9cf383 e-con-full e-flex e-con e-child\" data-id=\"f9cf383\" data-element_type=\"container\" data-settings=\"{&quot;background_background&quot;:&quot;classic&quot;}\">\n\t\t\t\t<div class=\"elementor-element elementor-element-b9486ac elementor-invisible animated-fast elementor-widget elementor-widget-heading\" data-id=\"b9486ac\" data-element_type=\"widget\" data-settings=\"{&quot;_animation&quot;:&quot;fadeIn&quot;,&quot;_animation_delay&quot;:0}\" data-widget_type=\"heading.default\">\n\t\t\t\t<div class=\"elementor-widget-container\">\n\t\t\t\t\t<h2 class=\"elementor-heading-title elementor-size-default\">\u0130leti\u015fime Ge\u00e7in<\/h2>\t\t\t\t<\/div>\n\t\t\t\t<\/div>\n\t\t\t\t<div class=\"elementor-element elementor-element-c072691 elementor-invisible animated-fast elementor-widget elementor-widget-text-editor\" data-id=\"c072691\" data-element_type=\"widget\" data-settings=\"{&quot;_animation&quot;:&quot;fadeIn&quot;,&quot;_animation_delay&quot;:0}\" data-widget_type=\"text-editor.default\">\n\t\t\t\t<div class=\"elementor-widget-container\">\n\t\t\t\t\t\t\t\t\t<p>Noon\u2019a \u00e7evrimi\u00e7i formumuz arac\u0131l\u0131\u011f\u0131yla veya ofisimizle ileti\u015fime ge\u00e7erek ula\u015fabilirsiniz. Merkez ofisimiz, k\u00fcresel ticaret operasyonlar\u0131 i\u00e7in \u00f6nemli bir merkez olarak hizmet vermekte olup, a\u011f\u0131m\u0131zdaki bilgili temsilcilerimiz sorular\u0131n\u0131z\u0131 yan\u0131tlamaya haz\u0131rd\u0131r.<\/p><p class=\"translation-block\">\u0130ster sundu\u011fumuz hizmetler hakk\u0131nda daha fazla bilgi almak, mevcut bir i\u015f birli\u011fiyle ilgili destek talep etmek, ister bizimle \u00e7al\u0131\u015fmakla ilgileniyor olun, size yard\u0131mc\u0131 olmak i\u00e7in buraday\u0131z. Bizimle ba\u011flant\u0131 kurun ve Noon\u2019un enerji ve emtia ticaretinde g\u00fcvenilir orta\u011f\u0131n\u0131z nas\u0131l olabilece\u011fini ke\u015ffedin.<\/p>\t\t\t\t\t\t\t\t<\/div>\n\t\t\t\t<\/div>\n\t\t\t\t<div class=\"vamtam-has-theme-widget-styles elementor-element elementor-element-59b0684 elementor-button-align-start elementor-widget elementor-widget-form\" data-id=\"59b0684\" data-element_type=\"widget\" data-settings=\"{&quot;step_next_label&quot;:&quot;Next&quot;,&quot;step_previous_label&quot;:&quot;Previous&quot;,&quot;button_width&quot;:&quot;100&quot;,&quot;step_type&quot;:&quot;number_text&quot;,&quot;step_icon_shape&quot;:&quot;circle&quot;}\" data-widget_type=\"form.default\">\n\t\t\t\t<div class=\"elementor-widget-container\">\n\t\t\t\t\t\t\t<form class=\"elementor-form\" method=\"post\" name=\"Get in Touch Form\" aria-label=\"Get in Touch Form\" action=\"\">\n\t\t\t<input type=\"hidden\" name=\"post_id\" value=\"49\"\/>\n\t\t\t<input type=\"hidden\" name=\"form_id\" value=\"59b0684\"\/>\n\t\t\t<input type=\"hidden\" name=\"referer_title\" value=\"\" \/>\n\n\t\t\t\n\t\t\t<div class=\"elementor-form-fields-wrapper elementor-labels-above\">\n\t\t\t\t\t\t\t\t<div class=\"elementor-field-type-text elementor-field-group elementor-column elementor-field-group-name_get_in_touch elementor-col-50 elementor-field-required\">\n\t\t\t\t\t\t\t\t\t\t\t\t<label for=\"form-field-name_get_in_touch\" class=\"elementor-field-label\">\n\t\t\t\t\t\t\t\tAd\u0131n\u0131z\t\t\t\t\t\t\t<\/label>\n\t\t\t\t\t\t\t\t\t\t\t\t\t\t<input size=\"1\" type=\"text\" name=\"form_fields[name_get_in_touch]\" id=\"form-field-name_get_in_touch\" class=\"elementor-field elementor-size-sm  elementor-field-textual\" placeholder=\"\u00d6rn. John Smith\" required=\"required\">\n\t\t\t\t\t\t\t\t\t\t\t<\/div>\n\t\t\t\t\t\t\t\t<div class=\"elementor-field-type-email elementor-field-group elementor-column elementor-field-group-email_get_in_touch elementor-col-50 elementor-field-required\">\n\t\t\t\t\t\t\t\t\t\t\t\t<label for=\"form-field-email_get_in_touch\" class=\"elementor-field-label\">\n\t\t\t\t\t\t\t\tE-posta Adresiniz\t\t\t\t\t\t\t<\/label>\n\t\t\t\t\t\t\t\t\t\t\t\t\t\t<input size=\"1\" type=\"email\" name=\"form_fields[email_get_in_touch]\" id=\"form-field-email_get_in_touch\" class=\"elementor-field elementor-size-sm  elementor-field-textual\" placeholder=\"\u00d6rn. john@email.com\" required=\"required\">\n\t\t\t\t\t\t\t\t\t\t\t<\/div>\n\t\t\t\t\t\t\t\t<div class=\"elementor-field-type-tel elementor-field-group elementor-column elementor-field-group-phone_get_in_touch elementor-col-50 elementor-field-required\">\n\t\t\t\t\t\t\t\t\t\t\t\t<label for=\"form-field-phone_get_in_touch\" class=\"elementor-field-label\">\n\t\t\t\t\t\t\t\tTelefon Numaran\u0131z\t\t\t\t\t\t\t<\/label>\n\t\t\t\t\t\t\t\t<input size=\"1\" type=\"tel\" name=\"form_fields[phone_get_in_touch]\" id=\"form-field-phone_get_in_touch\" class=\"elementor-field elementor-size-sm  elementor-field-textual\" placeholder=\"e.g. +1 222 444 66\" required=\"required\" pattern=\"[0-9()#&amp;+*-=.]+\" title=\"Only numbers and phone characters (#, -, *, etc) are accepted.\">\n\n\t\t\t\t\t\t<\/div>\n\t\t\t\t\t\t\t\t<div class=\"elementor-field-type-text elementor-field-group elementor-column elementor-field-group-company_name_get_in_touch elementor-col-50 elementor-field-required\">\n\t\t\t\t\t\t\t\t\t\t\t\t<label for=\"form-field-company_name_get_in_touch\" class=\"elementor-field-label\">\n\t\t\t\t\t\t\t\t\u015eirket Ad\u0131\t\t\t\t\t\t\t<\/label>\n\t\t\t\t\t\t\t\t\t\t\t\t\t\t<input size=\"1\" type=\"text\" name=\"form_fields[company_name_get_in_touch]\" id=\"form-field-company_name_get_in_touch\" class=\"elementor-field elementor-size-sm  elementor-field-textual\" placeholder=\"\u00d6rn. Execor\" required=\"required\">\n\t\t\t\t\t\t\t\t\t\t\t<\/div>\n\t\t\t\t\t\t\t\t<div class=\"elementor-field-type-textarea elementor-field-group elementor-column elementor-field-group-message_get_in_touch elementor-col-100 elementor-field-required\">\n\t\t\t\t\t\t\t\t\t\t\t\t<label for=\"form-field-message_get_in_touch\" class=\"elementor-field-label\">\n\t\t\t\t\t\t\t\tMesaj\u0131n\u0131z\t\t\t\t\t\t\t<\/label>\n\t\t\t\t\t\t<textarea class=\"elementor-field-textual elementor-field  elementor-size-sm\" name=\"form_fields[message_get_in_touch]\" id=\"form-field-message_get_in_touch\" rows=\"3\" placeholder=\"Buraya yaz\u0131n \u2026\" required=\"required\"><\/textarea>\t\t\t\t<\/div>\n\t\t\t\t\t\t\t\t<div class=\"elementor-field-group elementor-column elementor-field-type-submit elementor-col-100 e-form__buttons\">\n\t\t\t\t\t<button class=\"elementor-button elementor-size-sm\" type=\"submit\">\n\t\t\t\t\t\t<span class=\"elementor-button-content-wrapper\">\n\t\t\t\t\t\t\t\t\t\t\t\t\t\t\t\t\t\t\t\t\t\t<span class=\"elementor-button-text\">G\u00f6nder<\/span>\n\t\t\t\t\t\t\t\t\t\t\t\t\t<\/span>\n\t\t\t\t\t<\/button>\n\t\t\t\t<\/div>\n\t\t\t<\/div>\n\t\t<input type=\"hidden\" name=\"trp-form-language\" value=\"tr\"\/><\/form>\n\t\t\t\t\t\t<\/div>\n\t\t\t\t<\/div>\n\t\t\t\t<\/div>\n\t\t\t\t\t<\/div>\n\t\t\t\t<\/div>\n\t\t\t\t<\/div>","protected":false},"excerpt":{"rendered":"<p>T\u00fcm sorulara ve i\u015f birli\u011fi f\u0131rsatlar\u0131na a\u00e7\u0131\u011f\u0131z. Hizmetlerimiz hakk\u0131nda daha fazla bilgi almak veya olas\u0131 ortakl\u0131klar\u0131 g\u00f6r\u00fc\u015fmek i\u00e7in bizimle ileti\u015fime ge\u00e7in \u2014 ekibimiz size yard\u0131mc\u0131 olmaya haz\u0131rd\u0131r.<\/p>","protected":false},"author":1,"featured_media":0,"parent":0,"menu_order":0,"comment_status":"closed","ping_status":"closed","template":"","meta":{"_acf_changed":false,"footnotes":""},"class_list":["post-49","page","type-page","status-publish","hentry"],"acf":[],"_links":{"self":[{"href":"https:\/\/noontrade.com\/tr\/wp-json\/wp\/v2\/pages\/49","targetHints":{"allow":["GET"]}}],"collection":[{"href":"https:\/\/noontrade.com\/tr\/wp-json\/wp\/v2\/pages"}],"about":[{"href":"https:\/\/noontrade.com\/tr\/wp-json\/wp\/v2\/types\/page"}],"author":[{"embeddable":true,"href":"https:\/\/noontrade.com\/tr\/wp-json\/wp\/v2\/users\/1"}],"replies":[{"embeddable":true,"href":"https:\/\/noontrade.com\/tr\/wp-json\/wp\/v2\/comments?post=49"}],"version-history":[{"count":22,"href":"https:\/\/noontrade.com\/tr\/wp-json\/wp\/v2\/pages\/49\/revisions"}],"predecessor-version":[{"id":988321,"href":"https:\/\/noontrade.com\/tr\/wp-json\/wp\/v2\/pages\/49\/revisions\/988321"}],"wp:attachment":[{"href":"https:\/\/noontrade.com\/tr\/wp-json\/wp\/v2\/media?parent=49"}],"curies":[{"name":"wp","href":"https:\/\/api.w.org\/{rel}","templated":true}]}}