{"id":43,"date":"2025-02-13T14:22:39","date_gmt":"2025-02-13T14:22:39","guid":{"rendered":"https:\/\/finovate.vamtam.com\/?page_id=43"},"modified":"2025-11-16T12:21:59","modified_gmt":"2025-11-16T12:21:59","slug":"csr","status":"publish","type":"page","link":"https:\/\/noontrade.com\/tr\/csr\/","title":{"rendered":"KSS (Kurumsal Sosyal Sorumluluk)"},"content":{"rendered":"<div data-elementor-type=\"wp-page\" data-elementor-id=\"43\" class=\"elementor elementor-43\" data-elementor-post-type=\"page\">\n\t\t\t\t<div class=\"elementor-element elementor-element-78560e9a elementor-hidden-mobile elementor-hidden-tablet e-flex e-con-boxed e-con e-parent\" data-id=\"78560e9a\" data-element_type=\"container\">\n\t\t\t\t\t<div class=\"e-con-inner\">\n\t\t<div class=\"elementor-element elementor-element-87faa71 e-con-full e-flex e-con e-child\" data-id=\"87faa71\" data-element_type=\"container\">\n\t\t<div class=\"elementor-element elementor-element-41be92a e-con-full e-flex e-con e-child\" data-id=\"41be92a\" data-element_type=\"container\">\n\t\t<div class=\"elementor-element elementor-element-e53d8a4 e-con-full e-flex e-con e-child\" data-id=\"e53d8a4\" data-element_type=\"container\">\n\t\t\t\t<div class=\"elementor-element elementor-element-d84f2cf elementor-invisible animated-fast elementor-widget__width-initial elementor-widget elementor-widget-heading\" data-id=\"d84f2cf\" data-element_type=\"widget\" data-settings=\"{&quot;_animation&quot;:&quot;fadeIn&quot;}\" data-widget_type=\"heading.default\">\n\t\t\t\t<div class=\"elementor-widget-container\">\n\t\t\t\t\t<h2 class=\"elementor-heading-title elementor-size-default translation-block\">Topluluklar \u00dczerinde Olumlu <span class=\"color-accent-4\">Etki Yaratmaya<\/span> \u0130nan\u0131yoruz<\/h2>\t\t\t\t<\/div>\n\t\t\t\t<\/div>\n\t\t\t\t<\/div>\n\t\t<div class=\"elementor-element elementor-element-ba706b0 e-con-full e-flex e-con e-child\" data-id=\"ba706b0\" data-element_type=\"container\">\n\t\t\t\t<div class=\"elementor-element elementor-element-c99f7f5 elementor-widget elementor-widget-text-editor\" data-id=\"c99f7f5\" data-element_type=\"widget\" data-widget_type=\"text-editor.default\">\n\t\t\t\t<div class=\"elementor-widget-container\">\n\t\t\t\t\t\t\t\t\t<p class=\"translation-block\">Noon, hem k\u00fcresel hem de yerel d\u00fczeyde topluluklar \u00fczerinde olumlu etki yaratmaya inan\u0131r. Kurumsal Sosyal Sorumluluk programlar\u0131m\u0131z arac\u0131l\u0131\u011f\u0131yla, hayatlar\u0131 iyile\u015ftiren ve topluluklar\u0131 g\u00fc\u00e7lendiren k\u00fclt\u00fcrel, e\u011fitimsel ve insani giri\u015fimleri aktif olarak desteklemeye adanm\u0131\u015f durumday\u0131z.<\/p><ul><li class=\"translation-block\"><strong>K\u00fcresel Etki:<\/strong> D\u00fcnya \u00e7ap\u0131nda hay\u0131rsever \u00e7abalarla ihtiya\u00e7 sahiplerini destekleme sorumlulu\u011funu \u00fcstleniyoruz. Giri\u015fimlerimiz; afet yard\u0131m\u0131, temiz suya eri\u015fimin art\u0131r\u0131lmas\u0131 ve insani yard\u0131m gibi alanlar\u0131 kapsar \u2014 t\u00fcm\u00fc topluluklar\u0131 g\u00fc\u00e7lendirmeyi ve d\u00fcnya genelinde kal\u0131c\u0131, olumlu de\u011fi\u015fim yaratmay\u0131 hedefler.<\/li><li class=\"translation-block\"><strong>Yerel Ba\u011fl\u0131l\u0131k:<\/strong> Yerel d\u00fczeyde, sa\u011fl\u0131kl\u0131 ya\u015fam\u0131, k\u00fclt\u00fcrel zenginle\u015fmeyi ve ki\u015fisel geli\u015fimi te\u015fvik eden programlara yat\u0131r\u0131m yap\u0131yoruz. Topluluk ba\u011flar\u0131n\u0131 g\u00fc\u00e7lendirmek ve en \u00e7ok ihtiya\u00e7 duyulan yerlerde anlaml\u0131 bir etki yaratmak i\u00e7in rekreasyon ve sa\u011fl\u0131k programlar\u0131 ile e\u011fitim ve k\u00fclt\u00fcrel etkinlikleri destekliyoruz.<\/li><\/ul>\t\t\t\t\t\t\t\t<\/div>\n\t\t\t\t<\/div>\n\t\t\t\t<\/div>\n\t\t\t\t<\/div>\n\t\t\t\t<\/div>\n\t\t\t\t\t<\/div>\n\t\t\t\t<\/div>\n\t\t<div class=\"elementor-element elementor-element-62a491c3 e-flex e-con-boxed e-con e-child\" data-id=\"62a491c3\" data-element_type=\"container\">\n\t\t\t\t\t<div class=\"e-con-inner\">\n\t\t<div class=\"elementor-element elementor-element-702d77a7 e-con-full e-flex e-con e-child\" data-id=\"702d77a7\" data-element_type=\"container\" data-settings=\"{&quot;background_background&quot;:&quot;classic&quot;}\">\n\t\t\t\t<\/div>\n\t\t<div class=\"elementor-element elementor-element-9bc827b e-con-full e-flex e-con e-child\" data-id=\"9bc827b\" data-element_type=\"container\" data-settings=\"{&quot;background_background&quot;:&quot;classic&quot;}\">\n\t\t<div class=\"elementor-element elementor-element-0d3f36d e-con-full e-flex e-con e-child\" data-id=\"0d3f36d\" data-element_type=\"container\">\n\t\t<div class=\"elementor-element elementor-element-9ee5661 e-con-full e-flex e-con e-child\" data-id=\"9ee5661\" data-element_type=\"container\">\n\t\t\t\t<div class=\"elementor-element elementor-element-2815037 elementor-invisible elementor-widget__width-initial animated-fast elementor-widget elementor-widget-heading\" data-id=\"2815037\" data-element_type=\"widget\" data-settings=\"{&quot;_animation&quot;:&quot;slideInUp&quot;,&quot;_animation_delay&quot;:50}\" data-widget_type=\"heading.default\">\n\t\t\t\t<div class=\"elementor-widget-container\">\n\t\t\t\t\t<div class=\"elementor-heading-title elementor-size-default\">Topluluklarla ortakl\u0131k kurarak, Noon KSS faaliyetlerimizin ger\u00e7ek ihtiya\u00e7lara yan\u0131t verdi\u011finden emin olur. Ba\u015far\u0131y\u0131 yaln\u0131zca ekonomik \u00f6l\u00e7\u00fctlerle de\u011fil, ayn\u0131 zamanda \u00e7evremizdeki insanlar\u0131n ve topluluklar\u0131n refah\u0131na nas\u0131l katk\u0131da bulundu\u011fumuzla de\u011ferlendiriyoruz.<\/div>\t\t\t\t<\/div>\n\t\t\t\t<\/div>\n\t\t\t\t<\/div>\n\t\t<div class=\"elementor-element elementor-element-01403d6 e-con-full e-flex e-con e-child\" data-id=\"01403d6\" data-element_type=\"container\">\n\t\t\t\t<div class=\"vamtam-has-theme-widget-styles elementor-element elementor-element-609e189 elementor-view-stacked elementor-shape-circle elementor-widget elementor-widget-icon\" data-id=\"609e189\" data-element_type=\"widget\" data-widget_type=\"icon.default\">\n\t\t\t\t<div class=\"elementor-widget-container\">\n\t\t\t\t\t\t\t<div class=\"elementor-icon-wrapper\">\n\t\t\t<div class=\"elementor-icon\">\n\t\t\t<i aria-hidden=\"true\" class=\"vamtamtheme- vamtam-theme-finance\"><\/i>\t\t\t<\/div>\n\t\t<\/div>\n\t\t\t\t\t\t<\/div>\n\t\t\t\t<\/div>\n\t\t\t\t<\/div>\n\t\t\t\t<\/div>\n\t\t\t\t<div class=\"elementor-element elementor-element-bbd065b elementor-absolute elementor-widget elementor-widget-spacer\" data-id=\"bbd065b\" data-element_type=\"widget\" data-settings=\"{&quot;_position&quot;:&quot;absolute&quot;}\" data-widget_type=\"spacer.default\">\n\t\t\t\t<div class=\"elementor-widget-container\">\n\t\t\t\t\t\t\t<div class=\"elementor-spacer\">\n\t\t\t<div class=\"elementor-spacer-inner\"><\/div>\n\t\t<\/div>\n\t\t\t\t\t\t<\/div>\n\t\t\t\t<\/div>\n\t\t\t\t<\/div>\n\t\t\t\t\t<\/div>\n\t\t\t\t<\/div>\n\t\t\t\t<\/div>","protected":false},"excerpt":{"rendered":"<p>We believe in making a positive impact on communities We believe in making a positive impact on communities at both the global and local level. Through our Corporate Social Responsibility programs, Noon is dedicated to actively supporting cultural, educational, and humanitarian initiatives that improve lives and strengthen societies. Global Impact: We embrace the responsibility to&#8230;<\/p>","protected":false},"author":1,"featured_media":0,"parent":0,"menu_order":0,"comment_status":"closed","ping_status":"closed","template":"","meta":{"_acf_changed":false,"footnotes":""},"class_list":["post-43","page","type-page","status-publish","hentry"],"acf":[],"_links":{"self":[{"href":"https:\/\/noontrade.com\/tr\/wp-json\/wp\/v2\/pages\/43","targetHints":{"allow":["GET"]}}],"collection":[{"href":"https:\/\/noontrade.com\/tr\/wp-json\/wp\/v2\/pages"}],"about":[{"href":"https:\/\/noontrade.com\/tr\/wp-json\/wp\/v2\/types\/page"}],"author":[{"embeddable":true,"href":"https:\/\/noontrade.com\/tr\/wp-json\/wp\/v2\/users\/1"}],"replies":[{"embeddable":true,"href":"https:\/\/noontrade.com\/tr\/wp-json\/wp\/v2\/comments?post=43"}],"version-history":[{"count":12,"href":"https:\/\/noontrade.com\/tr\/wp-json\/wp\/v2\/pages\/43\/revisions"}],"predecessor-version":[{"id":988033,"href":"https:\/\/noontrade.com\/tr\/wp-json\/wp\/v2\/pages\/43\/revisions\/988033"}],"wp:attachment":[{"href":"https:\/\/noontrade.com\/tr\/wp-json\/wp\/v2\/media?parent=43"}],"curies":[{"name":"wp","href":"https:\/\/api.w.org\/{rel}","templated":true}]}}