{"id":29,"date":"2025-02-13T14:19:09","date_gmt":"2025-02-13T14:19:09","guid":{"rendered":"https:\/\/finovate.vamtam.com\/?page_id=29"},"modified":"2025-11-20T10:26:57","modified_gmt":"2025-11-20T10:26:57","slug":"about","status":"publish","type":"page","link":"https:\/\/noontrade.com\/tr\/about\/","title":{"rendered":"Hakk\u0131m\u0131zda"},"content":{"rendered":"<div data-elementor-type=\"wp-page\" data-elementor-id=\"29\" class=\"elementor elementor-29\" data-elementor-post-type=\"page\">\n\t\t\t\t<div class=\"elementor-element elementor-element-0e2be2d e-flex e-con-boxed e-con e-parent\" data-id=\"0e2be2d\" data-element_type=\"container\" id=\"values\">\n\t\t\t\t\t<div class=\"e-con-inner\">\n\t\t<div class=\"elementor-element elementor-element-08b36ca e-con-full e-flex e-con e-child\" data-id=\"08b36ca\" data-element_type=\"container\">\n\t\t<div class=\"elementor-element elementor-element-fbf86f4 e-con-full e-flex e-con e-child\" data-id=\"fbf86f4\" data-element_type=\"container\">\n\t\t\t\t<div class=\"elementor-element elementor-element-4666656 elementor-invisible animated-fast elementor-widget elementor-widget-heading\" data-id=\"4666656\" data-element_type=\"widget\" data-settings=\"{&quot;_animation&quot;:&quot;fadeIn&quot;}\" data-widget_type=\"heading.default\">\n\t\t\t\t<div class=\"elementor-widget-container\">\n\t\t\t\t\t<h2 class=\"elementor-heading-title elementor-size-default translation-block\">K\u00fcresel  <span class=\"color-accent-4\">emtia ticareti<\/span> ve  <span class=\"color-accent-4\">yat\u0131r\u0131m \u015firketi<\/span><\/h2>\t\t\t\t<\/div>\n\t\t\t\t<\/div>\n\t\t\t\t<\/div>\n\t\t<div class=\"elementor-element elementor-element-0939e76 e-con-full e-flex e-con e-child\" data-id=\"0939e76\" data-element_type=\"container\">\n\t\t\t\t<div class=\"elementor-element elementor-element-51c99a4 elementor-invisible animated-fast elementor-widget elementor-widget-text-editor\" data-id=\"51c99a4\" data-element_type=\"widget\" data-settings=\"{&quot;_animation&quot;:&quot;fadeIn&quot;}\" data-widget_type=\"text-editor.default\">\n\t\t\t\t<div class=\"elementor-widget-container\">\n\t\t\t\t\t\t\t\t\t<p class=\"translation-block\">K\u00fcresel emtia ticareti ve yat\u0131r\u0131m \u015firketi\nNoon, <strong>enerji ve tar\u0131m<\/strong> emtialar\u0131n\u0131n ticaretine odaklanan ve de\u011ferli varl\u0131klara yat\u0131r\u0131m yapan k\u00fcresel bir emtia ticareti ve yat\u0131r\u0131m \u015firketidir. K\u00fcresel petrol ve tah\u0131l pazarlar\u0131nda g\u00fc\u00e7l\u00fc bir konum elde ettik; bu, sekt\u00f6r konusundaki derin uzmanl\u0131\u011f\u0131m\u0131z\u0131 ve ba\u011fl\u0131l\u0131\u011f\u0131m\u0131z\u0131 yans\u0131tmaktad\u0131r. Deneyimli profesyonellerden olu\u015fan ekibimiz, d\u00fcr\u00fcstl\u00fck ve m\u00fckemmellik k\u00fclt\u00fcr\u00fcn\u00fc payla\u015farak, her m\u00fc\u015fterinin benzersiz ihtiya\u00e7lar\u0131n\u0131 kar\u015f\u0131layan \u00f6zel ve y\u00fcksek kaliteli hizmetler sunmam\u0131z\u0131 sa\u011flar.<\/p>\t\t\t\t\t\t\t\t<\/div>\n\t\t\t\t<\/div>\n\t\t\t\t<\/div>\n\t\t\t\t<\/div>\n\t\t\t\t\t<\/div>\n\t\t\t\t<\/div>\n\t\t<div class=\"elementor-element elementor-element-d81965a e-con-full e-flex e-con e-parent\" data-id=\"d81965a\" data-element_type=\"container\" id=\"mission\">\n\t\t\t\t<div class=\"vamtam-has-theme-widget-styles elementor-element elementor-element-ae4d42d e-n-tabs-none vamtam-has-theme-style elementor-widget elementor-widget-n-tabs\" data-id=\"ae4d42d\" data-element_type=\"widget\" data-settings=\"{&quot;horizontal_scroll_mobile&quot;:&quot;enable&quot;,&quot;tabs_justify_horizontal_mobile&quot;:&quot;start&quot;,&quot;tabs_justify_horizontal&quot;:&quot;end&quot;,&quot;horizontal_scroll&quot;:&quot;disable&quot;}\" data-widget_type=\"nested-tabs.default\">\n\t\t\t\t<div class=\"elementor-widget-container\">\n\t\t\t\t\t\t\t<div class=\"e-n-tabs\" data-widget-number=\"182768685\" aria-label=\"Sekmeler. Enter ve Space ile \u00f6geleri a\u00e7abilir, Escape ile \u00f6geleri kapatabilir ve Y\u00f6n tu\u015flar\u0131 ile \u00f6geler aras\u0131nda gezinebilirsiniz.\">\n\t\t\t<div class=\"e-n-tabs-heading\" role=\"tablist\">\n\t\t\t\t\t<button id=\"e-n-tab-title-1827686851\" class=\"e-n-tab-title\" aria-selected=\"true\" data-tab-index=\"1\" role=\"tab\" tabindex=\"0\" aria-controls=\"e-n-tab-content-1827686851\" style=\"--n-tabs-title-order: 1;\">\n\t\t\t\t\t\t<span class=\"e-n-tab-title-text\">\n\t\t\t\tMisyonumuz\t\t\t<\/span>\n\t\t<\/button>\n\t\t\t\t<button id=\"e-n-tab-title-1827686852\" class=\"e-n-tab-title\" aria-selected=\"false\" data-tab-index=\"2\" role=\"tab\" tabindex=\"-1\" aria-controls=\"e-n-tab-content-1827686852\" style=\"--n-tabs-title-order: 2;\">\n\t\t\t\t\t\t<span class=\"e-n-tab-title-text\">\n\t\t\t\tVizyonumuz\t\t\t<\/span>\n\t\t<\/button>\n\t\t\t\t\t<\/div>\n\t\t\t<div class=\"e-n-tabs-content\">\n\t\t\t\t<div id=\"e-n-tab-content-1827686851\" role=\"tabpanel\" aria-labelledby=\"e-n-tab-title-1827686851\" data-tab-index=\"1\" style=\"--n-tabs-title-order: 1;\" class=\"e-active elementor-element elementor-element-0b45835 e-con-full e-flex e-con e-child\" data-id=\"0b45835\" data-element_type=\"container\">\n\t\t<div class=\"elementor-element elementor-element-e23fc53 elementor-invisible animated-fast e-flex e-con-boxed e-con e-child\" data-id=\"e23fc53\" data-element_type=\"container\" data-settings=\"{&quot;background_background&quot;:&quot;classic&quot;,&quot;animation&quot;:&quot;fadeIn&quot;}\">\n\t\t\t\t\t<div class=\"e-con-inner\">\n\t\t<div class=\"elementor-element elementor-element-310889b e-con-full blur-background e-flex e-con e-child\" data-id=\"310889b\" data-element_type=\"container\" data-settings=\"{&quot;background_background&quot;:&quot;classic&quot;}\">\n\t\t<div class=\"elementor-element elementor-element-8bf230b e-con-full e-flex e-con e-child\" data-id=\"8bf230b\" data-element_type=\"container\">\n\t\t<div class=\"elementor-element elementor-element-3b2a1b0 e-con-full e-flex e-con e-child\" data-id=\"3b2a1b0\" data-element_type=\"container\">\n\t\t\t\t<div class=\"elementor-element elementor-element-896cee7 elementor-widget__width-auto elementor-widget elementor-widget-heading\" data-id=\"896cee7\" data-element_type=\"widget\" data-widget_type=\"heading.default\">\n\t\t\t\t<div class=\"elementor-widget-container\">\n\t\t\t\t\t<div class=\"elementor-heading-title elementor-size-default\">Misyonumuz<\/div>\t\t\t\t<\/div>\n\t\t\t\t<\/div>\n\t\t\t\t<\/div>\n\t\t<div class=\"elementor-element elementor-element-97c0a26 e-con-full e-flex e-con e-child\" data-id=\"97c0a26\" data-element_type=\"container\">\n\t\t\t\t<div class=\"vamtam-has-theme-widget-styles elementor-element elementor-element-197f7b4 elementor-view-stacked elementor-shape-circle elementor-widget elementor-widget-global elementor-global-1819 elementor-widget-icon\" data-id=\"197f7b4\" data-element_type=\"widget\" data-settings=\"{&quot;motion_fx_motion_fx_scrolling&quot;:&quot;yes&quot;,&quot;motion_fx_rotateZ_effect&quot;:&quot;yes&quot;,&quot;motion_fx_rotateZ_direction&quot;:&quot;negative&quot;,&quot;motion_fx_rotateZ_affectedRange&quot;:{&quot;unit&quot;:&quot;%&quot;,&quot;size&quot;:&quot;&quot;,&quot;sizes&quot;:{&quot;start&quot;:18,&quot;end&quot;:79}},&quot;motion_fx_devices&quot;:[&quot;desktop&quot;],&quot;motion_fx_rotateZ_speed&quot;:{&quot;unit&quot;:&quot;px&quot;,&quot;size&quot;:1,&quot;sizes&quot;:[]}}\" data-widget_type=\"icon.default\">\n\t\t\t\t<div class=\"elementor-widget-container\">\n\t\t\t\t\t\t\t<div class=\"elementor-icon-wrapper\">\n\t\t\t<div class=\"elementor-icon\">\n\t\t\t<i aria-hidden=\"true\" class=\"vamtamtheme- vamtam-theme-sign-star\"><\/i>\t\t\t<\/div>\n\t\t<\/div>\n\t\t\t\t\t\t<\/div>\n\t\t\t\t<\/div>\n\t\t\t\t<\/div>\n\t\t\t\t<\/div>\n\t\t\t\t<div class=\"elementor-element elementor-element-11f8753 elementor-widget__width-initial elementor-widget-tablet__width-inherit elementor-widget elementor-widget-text-editor\" data-id=\"11f8753\" data-element_type=\"widget\" data-widget_type=\"text-editor.default\">\n\t\t\t\t<div class=\"elementor-widget-container\">\n\t\t\t\t\t\t\t\t\t<p>Enerji, emtia ticareti ve lojistik alan\u0131nda yenilik\u00e7i, g\u00fcvenilir ve s\u00fcrd\u00fcr\u00fclebilir \u00e7\u00f6z\u00fcmler sunmak. Uzmanl\u0131k ve stratejik ortakl\u0131klar arac\u0131l\u0131\u011f\u0131yla, d\u00fcr\u00fcstl\u00fck, verimlilik ve m\u00fckemmellik ilkesinden \u00f6d\u00fcn vermeden uzun vadeli de\u011fer yaratmak.<\/p>\t\t\t\t\t\t\t\t<\/div>\n\t\t\t\t<\/div>\n\t\t\t\t<\/div>\n\t\t\t\t\t<\/div>\n\t\t\t\t<\/div>\n\t\t\t\t<\/div>\n\t\t<div id=\"e-n-tab-content-1827686852\" role=\"tabpanel\" aria-labelledby=\"e-n-tab-title-1827686852\" data-tab-index=\"2\" style=\"--n-tabs-title-order: 2;\" class=\"elementor-element elementor-element-779b64f e-con-full e-flex e-con e-child\" data-id=\"779b64f\" data-element_type=\"container\">\n\t\t<div class=\"elementor-element elementor-element-b0ec920 elementor-invisible animated-fast e-flex e-con-boxed e-con e-child\" data-id=\"b0ec920\" data-element_type=\"container\" data-settings=\"{&quot;background_background&quot;:&quot;classic&quot;,&quot;animation&quot;:&quot;fadeIn&quot;}\">\n\t\t\t\t\t<div class=\"e-con-inner\">\n\t\t<div class=\"elementor-element elementor-element-355f73e e-con-full blur-background e-flex e-con e-child\" data-id=\"355f73e\" data-element_type=\"container\" data-settings=\"{&quot;background_background&quot;:&quot;classic&quot;}\">\n\t\t<div class=\"elementor-element elementor-element-17d4932 e-con-full e-flex e-con e-child\" data-id=\"17d4932\" data-element_type=\"container\">\n\t\t<div class=\"elementor-element elementor-element-880e555 e-con-full e-flex e-con e-child\" data-id=\"880e555\" data-element_type=\"container\">\n\t\t\t\t<div class=\"elementor-element elementor-element-a69ff87 elementor-widget__width-auto elementor-widget elementor-widget-heading\" data-id=\"a69ff87\" data-element_type=\"widget\" data-widget_type=\"heading.default\">\n\t\t\t\t<div class=\"elementor-widget-container\">\n\t\t\t\t\t<div class=\"elementor-heading-title elementor-size-default\">Vizyonumuz<\/div>\t\t\t\t<\/div>\n\t\t\t\t<\/div>\n\t\t\t\t<\/div>\n\t\t<div class=\"elementor-element elementor-element-d96281e e-con-full e-flex e-con e-child\" data-id=\"d96281e\" data-element_type=\"container\">\n\t\t\t\t<div class=\"vamtam-has-theme-widget-styles elementor-element elementor-element-cba1896 elementor-view-stacked elementor-shape-circle elementor-widget elementor-widget-global elementor-global-1819 elementor-widget-icon\" data-id=\"cba1896\" data-element_type=\"widget\" data-settings=\"{&quot;motion_fx_motion_fx_scrolling&quot;:&quot;yes&quot;,&quot;motion_fx_rotateZ_effect&quot;:&quot;yes&quot;,&quot;motion_fx_rotateZ_direction&quot;:&quot;negative&quot;,&quot;motion_fx_rotateZ_affectedRange&quot;:{&quot;unit&quot;:&quot;%&quot;,&quot;size&quot;:&quot;&quot;,&quot;sizes&quot;:{&quot;start&quot;:18,&quot;end&quot;:79}},&quot;motion_fx_devices&quot;:[&quot;desktop&quot;],&quot;motion_fx_rotateZ_speed&quot;:{&quot;unit&quot;:&quot;px&quot;,&quot;size&quot;:1,&quot;sizes&quot;:[]}}\" data-widget_type=\"icon.default\">\n\t\t\t\t<div class=\"elementor-widget-container\">\n\t\t\t\t\t\t\t<div class=\"elementor-icon-wrapper\">\n\t\t\t<div class=\"elementor-icon\">\n\t\t\t<i aria-hidden=\"true\" class=\"vamtamtheme- vamtam-theme-sign-star\"><\/i>\t\t\t<\/div>\n\t\t<\/div>\n\t\t\t\t\t\t<\/div>\n\t\t\t\t<\/div>\n\t\t\t\t<\/div>\n\t\t\t\t<\/div>\n\t\t\t\t<div class=\"elementor-element elementor-element-a2a6f16 elementor-widget__width-initial elementor-widget-tablet__width-inherit elementor-widget elementor-widget-text-editor\" data-id=\"a2a6f16\" data-element_type=\"widget\" data-widget_type=\"text-editor.default\">\n\t\t\t\t<div class=\"elementor-widget-container\">\n\t\t\t\t\t\t\t\t\t<p>S\u00fcrd\u00fcr\u00fclebilir ve yenilik\u00e7i enerji ile emtia \u00e7\u00f6z\u00fcmlerinde k\u00fcresel \u00e7apta g\u00fcvenilen bir lider olmak; operasyonel m\u00fckemmellik, sorumlu b\u00fcy\u00fcme ve ekonomiler, topluluklar ile \u00e7evre \u00fczerinde olumlu etkiler yaratan ortakl\u0131klar arac\u0131l\u0131\u011f\u0131yla uzun vadeli de\u011fer sunmak.<\/p>\t\t\t\t\t\t\t\t<\/div>\n\t\t\t\t<\/div>\n\t\t\t\t<\/div>\n\t\t\t\t\t<\/div>\n\t\t\t\t<\/div>\n\t\t\t\t<\/div>\n\t\t\t\t\t<\/div>\n\t\t<\/div>\n\t\t\t\t\t\t<\/div>\n\t\t\t\t<\/div>\n\t\t\t\t<\/div>\n\t\t<div class=\"elementor-element elementor-element-fc73e12 e-flex e-con-boxed e-con e-parent\" data-id=\"fc73e12\" data-element_type=\"container\">\n\t\t\t\t\t<div class=\"e-con-inner\">\n\t\t<div class=\"elementor-element elementor-element-ead967e e-con-full e-flex e-con e-child\" data-id=\"ead967e\" data-element_type=\"container\">\n\t\t<div class=\"elementor-element elementor-element-ebd94fc e-con-full e-flex e-con e-child\" data-id=\"ebd94fc\" data-element_type=\"container\">\n\t\t\t\t<div class=\"elementor-element elementor-element-dccec1b elementor-invisible animated-fast elementor-widget elementor-widget-heading\" data-id=\"dccec1b\" data-element_type=\"widget\" data-settings=\"{&quot;_animation&quot;:&quot;fadeIn&quot;}\" data-widget_type=\"heading.default\">\n\t\t\t\t<div class=\"elementor-widget-container\">\n\t\t\t\t\t<h2 class=\"elementor-heading-title elementor-size-default\">Temel De\u011ferlerimiz<\/h2>\t\t\t\t<\/div>\n\t\t\t\t<\/div>\n\t\t\t\t<\/div>\n\t\t\t\t<\/div>\n\t\t\t\t\t<\/div>\n\t\t\t\t<\/div>\n\t\t<div class=\"elementor-element elementor-element-1492cf4 e-flex e-con-boxed e-con e-parent\" data-id=\"1492cf4\" data-element_type=\"container\">\n\t\t\t\t\t<div class=\"e-con-inner\">\n\t\t<div class=\"elementor-element elementor-element-d723eab elementor-invisible e-con-full vamtam-icon-hover-parent animated-fast e-flex e-con e-child\" data-id=\"d723eab\" data-element_type=\"container\" data-settings=\"{&quot;animation&quot;:&quot;slideInUp&quot;,&quot;animation_delay&quot;:0}\">\n\t\t\t\t<div class=\"vamtam-has-theme-widget-styles elementor-element elementor-element-dd0dd03 elementor-view-stacked vamtam-has-parent-hover elementor-shape-circle elementor-widget elementor-widget-icon\" data-id=\"dd0dd03\" data-element_type=\"widget\" data-widget_type=\"icon.default\">\n\t\t\t\t<div class=\"elementor-widget-container\">\n\t\t\t\t\t\t\t<div class=\"elementor-icon-wrapper\">\n\t\t\t<div class=\"elementor-icon\">\n\t\t\t<i aria-hidden=\"true\" class=\"vamtamtheme- vamtam-theme-trust\"><\/i>\t\t\t<\/div>\n\t\t<\/div>\n\t\t\t\t\t\t<\/div>\n\t\t\t\t<\/div>\n\t\t<div class=\"elementor-element elementor-element-9366c53 e-con-full e-flex e-con e-child\" data-id=\"9366c53\" data-element_type=\"container\" data-settings=\"{&quot;background_background&quot;:&quot;classic&quot;}\">\n\t\t\t\t<div class=\"elementor-element elementor-element-998f83a elementor-widget elementor-widget-heading\" data-id=\"998f83a\" data-element_type=\"widget\" data-widget_type=\"heading.default\">\n\t\t\t\t<div class=\"elementor-widget-container\">\n\t\t\t\t\t<h4 class=\"elementor-heading-title elementor-size-default\">D\u00fcr\u00fcstl\u00fck ve A\u00e7\u0131kl\u0131k<\/h4>\t\t\t\t<\/div>\n\t\t\t\t<\/div>\n\t\t\t\t<div class=\"elementor-element elementor-element-b65f0b7 elementor-widget elementor-widget-text-editor\" data-id=\"b65f0b7\" data-element_type=\"widget\" data-widget_type=\"text-editor.default\">\n\t\t\t\t<div class=\"elementor-widget-container\">\n\t\t\t\t\t\t\t\t\t<p>Do\u011fru olan\u0131 yapmak ve \u00e7al\u0131\u015fmalar\u0131m\u0131zda \u015feffaf olmak; b\u00f6ylece insanlar bize g\u00fcvenebilir.<\/p>\t\t\t\t\t\t\t\t<\/div>\n\t\t\t\t<\/div>\n\t\t\t\t<\/div>\n\t\t\t\t<\/div>\n\t\t<div class=\"elementor-element elementor-element-fd8403a elementor-invisible e-con-full vamtam-icon-hover-parent animated-fast e-flex e-con e-child\" data-id=\"fd8403a\" data-element_type=\"container\" data-settings=\"{&quot;animation&quot;:&quot;slideInUp&quot;,&quot;animation_delay&quot;:50}\">\n\t\t\t\t<div class=\"vamtam-has-theme-widget-styles elementor-element elementor-element-10dc3ab elementor-view-stacked vamtam-has-parent-hover elementor-shape-circle elementor-widget elementor-widget-icon\" data-id=\"10dc3ab\" data-element_type=\"widget\" data-widget_type=\"icon.default\">\n\t\t\t\t<div class=\"elementor-widget-container\">\n\t\t\t\t\t\t\t<div class=\"elementor-icon-wrapper\">\n\t\t\t<div class=\"elementor-icon\">\n\t\t\t<i aria-hidden=\"true\" class=\"vamtamtheme- vamtam-theme-pie\"><\/i>\t\t\t<\/div>\n\t\t<\/div>\n\t\t\t\t\t\t<\/div>\n\t\t\t\t<\/div>\n\t\t<div class=\"elementor-element elementor-element-4aefad4 e-con-full e-flex e-con e-child\" data-id=\"4aefad4\" data-element_type=\"container\" data-settings=\"{&quot;background_background&quot;:&quot;classic&quot;}\">\n\t\t\t\t<div class=\"elementor-element elementor-element-115bc69 elementor-widget elementor-widget-heading\" data-id=\"115bc69\" data-element_type=\"widget\" data-widget_type=\"heading.default\">\n\t\t\t\t<div class=\"elementor-widget-container\">\n\t\t\t\t\t<h4 class=\"elementor-heading-title elementor-size-default\">Geli\u015fim ve Yeni Fikirler<\/h4>\t\t\t\t<\/div>\n\t\t\t\t<\/div>\n\t\t\t\t<div class=\"elementor-element elementor-element-80e221b elementor-widget elementor-widget-text-editor\" data-id=\"80e221b\" data-element_type=\"widget\" data-widget_type=\"text-editor.default\">\n\t\t\t\t<div class=\"elementor-widget-container\">\n\t\t\t\t\t\t\t\t\t<p>S\u00fcrekli olarak daha iyi \u00e7al\u0131\u015fma y\u00f6ntemleri aramak ve yapt\u0131\u011f\u0131m\u0131z her i\u015fte y\u00fcksek kaliteli sonu\u00e7lar elde etmeye \u00e7al\u0131\u015fmak.<\/p>\t\t\t\t\t\t\t\t<\/div>\n\t\t\t\t<\/div>\n\t\t\t\t<\/div>\n\t\t\t\t<\/div>\n\t\t<div class=\"elementor-element elementor-element-1c28071 elementor-invisible e-con-full vamtam-icon-hover-parent animated-fast e-flex e-con e-child\" data-id=\"1c28071\" data-element_type=\"container\" data-settings=\"{&quot;animation&quot;:&quot;slideInUp&quot;,&quot;animation_delay&quot;:100}\">\n\t\t\t\t<div class=\"vamtam-has-theme-widget-styles elementor-element elementor-element-c7f494b elementor-view-stacked vamtam-has-parent-hover elementor-shape-circle elementor-widget elementor-widget-icon\" data-id=\"c7f494b\" data-element_type=\"widget\" data-widget_type=\"icon.default\">\n\t\t\t\t<div class=\"elementor-widget-container\">\n\t\t\t\t\t\t\t<div class=\"elementor-icon-wrapper\">\n\t\t\t<div class=\"elementor-icon\">\n\t\t\t<i aria-hidden=\"true\" class=\"fas fa-people-arrows\"><\/i>\t\t\t<\/div>\n\t\t<\/div>\n\t\t\t\t\t\t<\/div>\n\t\t\t\t<\/div>\n\t\t<div class=\"elementor-element elementor-element-ad7de4e e-con-full e-flex e-con e-child\" data-id=\"ad7de4e\" data-element_type=\"container\" data-settings=\"{&quot;background_background&quot;:&quot;classic&quot;}\">\n\t\t\t\t<div class=\"elementor-element elementor-element-5550d27 elementor-widget elementor-widget-heading\" data-id=\"5550d27\" data-element_type=\"widget\" data-widget_type=\"heading.default\">\n\t\t\t\t<div class=\"elementor-widget-container\">\n\t\t\t\t\t<h4 class=\"elementor-heading-title elementor-size-default\">M\u00fc\u015fteriyi \u00d6nceliklendirmek<\/h4>\t\t\t\t<\/div>\n\t\t\t\t<\/div>\n\t\t\t\t<div class=\"elementor-element elementor-element-5d2d794 elementor-widget elementor-widget-text-editor\" data-id=\"5d2d794\" data-element_type=\"widget\" data-widget_type=\"text-editor.default\">\n\t\t\t\t<div class=\"elementor-widget-container\">\n\t\t\t\t\t\t\t\t\t<p>M\u00fc\u015fterilerimizin ihtiya\u00e7lar\u0131na odaklanmak ve do\u011fru \u00e7\u00f6z\u00fcmleri \u00fcst\u00fcn hizmet ile sunmak i\u00e7in \u00e7aba g\u00f6stermek.<\/p>\t\t\t\t\t\t\t\t<\/div>\n\t\t\t\t<\/div>\n\t\t\t\t<\/div>\n\t\t\t\t<\/div>\n\t\t<div class=\"elementor-element elementor-element-df01e3a elementor-invisible e-con-full vamtam-icon-hover-parent animated-fast e-flex e-con e-child\" data-id=\"df01e3a\" data-element_type=\"container\" data-settings=\"{&quot;animation&quot;:&quot;slideInUp&quot;,&quot;animation_delay&quot;:150}\">\n\t\t\t\t<div class=\"vamtam-has-theme-widget-styles elementor-element elementor-element-442ee98 elementor-view-stacked vamtam-has-parent-hover elementor-shape-circle elementor-widget elementor-widget-icon\" data-id=\"442ee98\" data-element_type=\"widget\" data-widget_type=\"icon.default\">\n\t\t\t\t<div class=\"elementor-widget-container\">\n\t\t\t\t\t\t\t<div class=\"elementor-icon-wrapper\">\n\t\t\t<div class=\"elementor-icon\">\n\t\t\t<i aria-hidden=\"true\" class=\"fas fa-globe-africa\"><\/i>\t\t\t<\/div>\n\t\t<\/div>\n\t\t\t\t\t\t<\/div>\n\t\t\t\t<\/div>\n\t\t<div class=\"elementor-element elementor-element-2694cd7 e-con-full e-flex e-con e-child\" data-id=\"2694cd7\" data-element_type=\"container\" data-settings=\"{&quot;background_background&quot;:&quot;classic&quot;}\">\n\t\t\t\t<div class=\"elementor-element elementor-element-54481c6 elementor-widget elementor-widget-heading\" data-id=\"54481c6\" data-element_type=\"widget\" data-widget_type=\"heading.default\">\n\t\t\t\t<div class=\"elementor-widget-container\">\n\t\t\t\t\t<h4 class=\"elementor-heading-title elementor-size-default\">\u0130nsanlara ve Gezegene \u00d6zen G\u00f6stermek<\/h4>\t\t\t\t<\/div>\n\t\t\t\t<\/div>\n\t\t\t\t<div class=\"elementor-element elementor-element-b4d3738 elementor-widget elementor-widget-text-editor\" data-id=\"b4d3738\" data-element_type=\"widget\" data-widget_type=\"text-editor.default\">\n\t\t\t\t<div class=\"elementor-widget-container\">\n\t\t\t\t\t\t\t\t\t<p>\u0130\u015fimizi, \u00e7evreye fayda sa\u011flayacak, yerel topluluklar\u0131 destekleyecek ve olumlu etkiler yaratacak \u015fekilde b\u00fcy\u00fctmek.<\/p>\t\t\t\t\t\t\t\t<\/div>\n\t\t\t\t<\/div>\n\t\t\t\t<\/div>\n\t\t\t\t<\/div>\n\t\t<div class=\"elementor-element elementor-element-afc2601 elementor-invisible e-con-full vamtam-icon-hover-parent animated-fast e-flex e-con e-child\" data-id=\"afc2601\" data-element_type=\"container\" data-settings=\"{&quot;animation&quot;:&quot;slideInUp&quot;,&quot;animation_delay&quot;:150}\">\n\t\t\t\t<div class=\"vamtam-has-theme-widget-styles elementor-element elementor-element-76a4d2b elementor-view-stacked vamtam-has-parent-hover elementor-shape-circle elementor-widget elementor-widget-icon\" data-id=\"76a4d2b\" data-element_type=\"widget\" data-widget_type=\"icon.default\">\n\t\t\t\t<div class=\"elementor-widget-container\">\n\t\t\t\t\t\t\t<div class=\"elementor-icon-wrapper\">\n\t\t\t<div class=\"elementor-icon\">\n\t\t\t<i aria-hidden=\"true\" class=\"fas fa-hands-helping\"><\/i>\t\t\t<\/div>\n\t\t<\/div>\n\t\t\t\t\t\t<\/div>\n\t\t\t\t<\/div>\n\t\t<div class=\"elementor-element elementor-element-ae4a6ee e-con-full e-flex e-con e-child\" data-id=\"ae4a6ee\" data-element_type=\"container\" data-settings=\"{&quot;background_background&quot;:&quot;classic&quot;}\">\n\t\t\t\t<div class=\"elementor-element elementor-element-2e55a9e elementor-widget elementor-widget-heading\" data-id=\"2e55a9e\" data-element_type=\"widget\" data-widget_type=\"heading.default\">\n\t\t\t\t<div class=\"elementor-widget-container\">\n\t\t\t\t\t<h4 class=\"elementor-heading-title elementor-size-default\">Birlikte \u00c7al\u0131\u015fmak ve Birbirimizin Geli\u015fimine Destek Olmak<\/h4>\t\t\t\t<\/div>\n\t\t\t\t<\/div>\n\t\t\t\t<div class=\"elementor-element elementor-element-f30cbae elementor-widget elementor-widget-text-editor\" data-id=\"f30cbae\" data-element_type=\"widget\" data-widget_type=\"text-editor.default\">\n\t\t\t\t<div class=\"elementor-widget-container\">\n\t\t\t\t\t\t\t\t\t<p>Tak\u0131m \u00e7al\u0131\u015fmas\u0131na de\u011fer vermek ve birbirini destekleyerek herkesin en iyi performans\u0131n\u0131 g\u00f6stermesini ve birlikte b\u00fcy\u00fcmesini sa\u011flamak.<\/p>\t\t\t\t\t\t\t\t<\/div>\n\t\t\t\t<\/div>\n\t\t\t\t<\/div>\n\t\t\t\t<\/div>\n\t\t\t\t\t<\/div>\n\t\t\t\t<\/div>\n\t\t<div class=\"elementor-element elementor-element-1cd9327 e-flex e-con-boxed e-con e-parent\" data-id=\"1cd9327\" data-element_type=\"container\">\n\t\t\t\t\t<div class=\"e-con-inner\">\n\t\t\t\t\t<\/div>\n\t\t\t\t<\/div>\n\t\t\t\t<\/div>","protected":false},"excerpt":{"rendered":"<p>Global commodities trading and investment company Noon is a global commodities trading and investment company focused on trading energy and agricultural commodities and investing in valuable assets. We have built a strong position in the global petroleum and grain markets, reflecting our deep expertise and commitment to the industry. Our team of seasoned professionals shares&#8230;<\/p>","protected":false},"author":1,"featured_media":0,"parent":0,"menu_order":0,"comment_status":"closed","ping_status":"closed","template":"","meta":{"_acf_changed":false,"footnotes":""},"class_list":["post-29","page","type-page","status-publish","hentry"],"acf":[],"_links":{"self":[{"href":"https:\/\/noontrade.com\/tr\/wp-json\/wp\/v2\/pages\/29","targetHints":{"allow":["GET"]}}],"collection":[{"href":"https:\/\/noontrade.com\/tr\/wp-json\/wp\/v2\/pages"}],"about":[{"href":"https:\/\/noontrade.com\/tr\/wp-json\/wp\/v2\/types\/page"}],"author":[{"embeddable":true,"href":"https:\/\/noontrade.com\/tr\/wp-json\/wp\/v2\/users\/1"}],"replies":[{"embeddable":true,"href":"https:\/\/noontrade.com\/tr\/wp-json\/wp\/v2\/comments?post=29"}],"version-history":[{"count":56,"href":"https:\/\/noontrade.com\/tr\/wp-json\/wp\/v2\/pages\/29\/revisions"}],"predecessor-version":[{"id":988239,"href":"https:\/\/noontrade.com\/tr\/wp-json\/wp\/v2\/pages\/29\/revisions\/988239"}],"wp:attachment":[{"href":"https:\/\/noontrade.com\/tr\/wp-json\/wp\/v2\/media?parent=29"}],"curies":[{"name":"wp","href":"https:\/\/api.w.org\/{rel}","templated":true}]}}