{"id":27,"date":"2025-02-13T14:18:58","date_gmt":"2025-02-13T14:18:58","guid":{"rendered":"https:\/\/finovate.vamtam.com\/?page_id=27"},"modified":"2025-11-20T10:13:16","modified_gmt":"2025-11-20T10:13:16","slug":"global-presence","status":"publish","type":"page","link":"https:\/\/noontrade.com\/tr\/global-presence\/","title":{"rendered":"K\u00fcresel Varl\u0131k"},"content":{"rendered":"<div data-elementor-type=\"wp-page\" data-elementor-id=\"27\" class=\"elementor elementor-27\" data-elementor-post-type=\"page\">\n\t\t\t\t<div class=\"elementor-element elementor-element-3d65996 e-flex e-con-boxed e-con e-parent\" data-id=\"3d65996\" data-element_type=\"container\">\n\t\t\t\t\t<div class=\"e-con-inner\">\n\t\t<div class=\"elementor-element elementor-element-f485dcb e-con-full e-flex e-con e-child\" data-id=\"f485dcb\" data-element_type=\"container\">\n\t\t<div class=\"elementor-element elementor-element-f44a232 e-con-full e-flex e-con e-child\" data-id=\"f44a232\" data-element_type=\"container\">\n\t\t\t\t<div class=\"elementor-element elementor-element-9432172 elementor-invisible animated-fast elementor-widget__width-initial elementor-widget elementor-widget-heading\" data-id=\"9432172\" data-element_type=\"widget\" data-settings=\"{&quot;_animation&quot;:&quot;fadeIn&quot;}\" data-widget_type=\"heading.default\">\n\t\t\t\t<div class=\"elementor-widget-container\">\n\t\t\t\t\t<h2 class=\"elementor-heading-title elementor-size-default translation-block\">De\u011fi\u015fen D\u00fcnyada <span class=\"color-accent-4\">En \u0130yi<\/span> \u00c7\u00f6z\u00fcmleri Ke\u015ffetmek<\/h2>\t\t\t\t<\/div>\n\t\t\t\t<\/div>\n\t\t\t\t<\/div>\n\t\t<div class=\"elementor-element elementor-element-3b5f22b e-con-full e-flex e-con e-child\" data-id=\"3b5f22b\" data-element_type=\"container\">\n\t\t\t\t<div class=\"elementor-element elementor-element-96cebbc elementor-widget elementor-widget-text-editor\" data-id=\"96cebbc\" data-element_type=\"widget\" data-widget_type=\"text-editor.default\">\n\t\t\t\t<div class=\"elementor-widget-container\">\n\t\t\t\t\t\t\t\t\t<p>K\u00fcresel varl\u0131\u011f\u0131m\u0131z ve lojistik uzmanl\u0131\u011f\u0131m\u0131z sayesinde Noon, ger\u00e7ekten global \u00f6l\u00e7ekte faaliyet g\u00f6stermektedir. Alt\u0131 k\u0131tada varl\u0131k g\u00f6stererek ba\u011fl\u0131l\u0131\u011f\u0131m\u0131z\u0131, \u00e7evikli\u011fimizi ve ortaklar\u0131m\u0131z\u0131n bize duydu\u011fu g\u00fcveni ortaya koyuyoruz. K\u00fcresel ofis a\u011f\u0131, de\u011ferli piyasa i\u00e7g\u00f6r\u00fcleri sa\u011flar ve hizmet verdi\u011fimiz her b\u00f6lgede g\u00fc\u00e7l\u00fc m\u00fc\u015fteri ili\u015fkileri geli\u015ftirmemize yard\u0131mc\u0131 olur.<\/p><p>\u00a0<\/p><p>\u0130stanbul, operasyonlar\u0131m\u0131z\u0131n geni\u015fli\u011fini destekleyen ve geli\u015fmekte olan ile yerle\u015fik pazarlar aras\u0131nda k\u00f6pr\u00fc rol\u00fcn\u00fc peki\u015ftiren birincil stratejik merkezimizdir. Bu merkezi konum, ticaret ak\u0131\u015flar\u0131n\u0131n sorunsuz ilerlemesini, etkin ba\u011flant\u0131lar\u0131 ve gerekti\u011finde sahada uzmanl\u0131k sa\u011flamam\u0131z\u0131 m\u00fcmk\u00fcn k\u0131lar.<\/p><p>\u00a0<\/p><p>Noon, \u00f6zellikle Afrika ve Orta Do\u011fu\u2019da g\u00fc\u00e7l\u00fc bir konum kazanm\u0131\u015ft\u0131r; bu b\u00f6lgelerde emtia ticaretinde g\u00fcvenilir bir ortak olarak tan\u0131nmaktay\u0131z. H\u0131zla geli\u015fen bu b\u00f6lgelerdeki artan etkimiz, uzun vadeli ba\u011fl\u0131l\u0131\u011f\u0131m\u0131z\u0131 ve gelece\u011fe olan g\u00fcvenimizi g\u00f6stermektedir. Yerel olarak hassas ve k\u00fcresel olarak ba\u011fl\u0131 olarak, piyasa f\u0131rsatlar\u0131na h\u0131zl\u0131 yan\u0131t verebilir ve m\u00fc\u015fterilerimize bulunduklar\u0131 her yerde destek olabiliriz.<\/p>\t\t\t\t\t\t\t\t<\/div>\n\t\t\t\t<\/div>\n\t\t\t\t<\/div>\n\t\t\t\t<\/div>\n\t\t\t\t\t<\/div>\n\t\t\t\t<\/div>\n\t\t\t\t<\/div>","protected":false},"excerpt":{"rendered":"<p>Uncovering the Best Solutions in a Changing World Through our global presence and logistics expertise, Noon operates on a truly global scale. We maintain a presence across six continents, reflecting our commitment, agility, and the trust our partners place in us. Our global presence network of offices provides valuable market insights and helps us foster&#8230;<\/p>","protected":false},"author":1,"featured_media":987909,"parent":0,"menu_order":0,"comment_status":"closed","ping_status":"closed","template":"","meta":{"_acf_changed":false,"footnotes":""},"class_list":["post-27","page","type-page","status-publish","has-post-thumbnail","hentry"],"acf":[],"_links":{"self":[{"href":"https:\/\/noontrade.com\/tr\/wp-json\/wp\/v2\/pages\/27","targetHints":{"allow":["GET"]}}],"collection":[{"href":"https:\/\/noontrade.com\/tr\/wp-json\/wp\/v2\/pages"}],"about":[{"href":"https:\/\/noontrade.com\/tr\/wp-json\/wp\/v2\/types\/page"}],"author":[{"embeddable":true,"href":"https:\/\/noontrade.com\/tr\/wp-json\/wp\/v2\/users\/1"}],"replies":[{"embeddable":true,"href":"https:\/\/noontrade.com\/tr\/wp-json\/wp\/v2\/comments?post=27"}],"version-history":[{"count":10,"href":"https:\/\/noontrade.com\/tr\/wp-json\/wp\/v2\/pages\/27\/revisions"}],"predecessor-version":[{"id":988224,"href":"https:\/\/noontrade.com\/tr\/wp-json\/wp\/v2\/pages\/27\/revisions\/988224"}],"wp:featuredmedia":[{"embeddable":true,"href":"https:\/\/noontrade.com\/tr\/wp-json\/wp\/v2\/media\/987909"}],"wp:attachment":[{"href":"https:\/\/noontrade.com\/tr\/wp-json\/wp\/v2\/media?parent=27"}],"curies":[{"name":"wp","href":"https:\/\/api.w.org\/{rel}","templated":true}]}}