{"id":25,"date":"2025-02-13T14:18:49","date_gmt":"2025-02-13T14:18:49","guid":{"rendered":"https:\/\/finovate.vamtam.com\/?page_id=25"},"modified":"2025-11-26T10:50:55","modified_gmt":"2025-11-26T10:50:55","slug":"services","status":"publish","type":"page","link":"https:\/\/noontrade.com\/tr\/services\/","title":{"rendered":"Hizmetler Genel Bak\u0131\u015f"},"content":{"rendered":"<div data-elementor-type=\"wp-page\" data-elementor-id=\"25\" class=\"elementor elementor-25\" data-elementor-post-type=\"page\">\n\t\t\t\t<div class=\"elementor-element elementor-element-e6c8511 e-flex e-con-boxed e-con e-child\" data-id=\"e6c8511\" data-element_type=\"container\">\n\t\t\t\t\t<div class=\"e-con-inner\">\n\t\t<div class=\"elementor-element elementor-element-3891c87 e-con-full vamtam-icon-hover-parent e-flex e-con e-child\" data-id=\"3891c87\" data-element_type=\"container\" data-settings=\"{&quot;background_background&quot;:&quot;classic&quot;}\">\n\t\t<div class=\"elementor-element elementor-element-33854bc e-con-full e-flex e-con e-child\" data-id=\"33854bc\" data-element_type=\"container\">\n\t\t<div class=\"elementor-element elementor-element-ce2497a e-con-full e-flex e-con e-child\" data-id=\"ce2497a\" data-element_type=\"container\">\n\t\t<div class=\"elementor-element elementor-element-87b1477 e-con-full e-flex e-con e-child\" data-id=\"87b1477\" data-element_type=\"container\">\n\t\t\t\t<div class=\"elementor-element elementor-element-43de6aa elementor-widget__width-auto elementor-widget elementor-widget-heading\" data-id=\"43de6aa\" data-element_type=\"widget\" data-widget_type=\"heading.default\">\n\t\t\t\t<div class=\"elementor-widget-container\">\n\t\t\t\t\t<div class=\"elementor-heading-title elementor-size-default\">Enerji \u201cPetrol ve Gaz\u201d <\/div>\t\t\t\t<\/div>\n\t\t\t\t<\/div>\n\t\t\t\t<\/div>\n\t\t\t\t<div class=\"elementor-element elementor-element-6efa24d elementor-widget elementor-widget-text-editor\" data-id=\"6efa24d\" data-element_type=\"widget\" data-widget_type=\"text-editor.default\">\n\t\t\t\t<div class=\"elementor-widget-container\">\n\t\t\t\t\t\t\t\t\t<p>Noon\u2019da, k\u00fcresel petrol ve gaz de\u011fer zincirinde hayati bir rol oynuyoruz ve ke\u015fif deste\u011fi, ticaret, lojistik ve yat\u0131r\u0131m\u0131 kapsayan entegre \u00e7\u00f6z\u00fcmler sunuyoruz. Operasyonlar\u0131m\u0131z, yukar\u0131dan a\u015fa\u011f\u0131ya tedarikten son teslimata kadar her a\u015famada verimlilik ve s\u00fcrd\u00fcr\u00fclebilirlik yaratmaya odaklan\u0131r.<\/p><p>Geni\u015f bir petrol ve gaz \u00fcr\u00fcn yelpazesini temin eder ve ticaretini yapar, d\u00fcnya genelindeki \u00f6nde gelen \u00fcreticiler, rafineriler ve da\u011f\u0131t\u0131c\u0131larla g\u00fc\u00e7l\u00fc ili\u015fkiler kurar\u0131z. Uzmanl\u0131\u011f\u0131m\u0131z, piyasa dinamiklerini hassasiyetle y\u00f6netmemizi sa\u011flar; zaman\u0131nda teslimat, rekabet\u00e7i fiyatland\u0131rma ve kaliteden \u00f6d\u00fcn vermeden hizmet sunar\u0131z.<\/p>\t\t\t\t\t\t\t\t<\/div>\n\t\t\t\t<\/div>\n\t\t\t\t<\/div>\n\t\t<div class=\"elementor-element elementor-element-49b70d0 e-con-full e-flex e-con e-child\" data-id=\"49b70d0\" data-element_type=\"container\" data-settings=\"{&quot;position&quot;:&quot;absolute&quot;}\">\n\t\t\t\t<div class=\"vamtam-has-theme-widget-styles elementor-element elementor-element-d45dfa3 elementor-view-default elementor-widget elementor-widget-icon\" data-id=\"d45dfa3\" data-element_type=\"widget\" data-widget_type=\"icon.default\">\n\t\t\t\t<div class=\"elementor-widget-container\">\n\t\t\t\t\t\t\t<div class=\"elementor-icon-wrapper\">\n\t\t\t<div class=\"elementor-icon\">\n\t\t\t<i aria-hidden=\"true\" class=\"vamtamtheme- vamtam-theme-sign-star\"><\/i>\t\t\t<\/div>\n\t\t<\/div>\n\t\t\t\t\t\t<\/div>\n\t\t\t\t<\/div>\n\t\t\t\t<\/div>\n\t\t\t\t<\/div>\n\t\t\t\t<\/div>\n\t\t<div class=\"elementor-element elementor-element-62ee961 e-con-full vamtam-icon-hover-parent e-flex e-con e-child\" data-id=\"62ee961\" data-element_type=\"container\" data-settings=\"{&quot;background_background&quot;:&quot;classic&quot;}\">\n\t\t<div class=\"elementor-element elementor-element-1b1f158 e-con-full e-flex e-con e-child\" data-id=\"1b1f158\" data-element_type=\"container\">\n\t\t<div class=\"elementor-element elementor-element-2481dab e-con-full e-flex e-con e-child\" data-id=\"2481dab\" data-element_type=\"container\">\n\t\t<div class=\"elementor-element elementor-element-15d338c e-con-full e-flex e-con e-child\" data-id=\"15d338c\" data-element_type=\"container\">\n\t\t\t\t<div class=\"elementor-element elementor-element-15f43ca elementor-widget__width-auto elementor-widget elementor-widget-heading\" data-id=\"15f43ca\" data-element_type=\"widget\" data-widget_type=\"heading.default\">\n\t\t\t\t<div class=\"elementor-widget-container\">\n\t\t\t\t\t<div class=\"elementor-heading-title elementor-size-default\">Emtia Ticareti \u201cTah\u0131llar\u201d<\/div>\t\t\t\t<\/div>\n\t\t\t\t<\/div>\n\t\t\t\t<\/div>\n\t\t\t\t<div class=\"elementor-element elementor-element-26fd204 elementor-widget elementor-widget-text-editor\" data-id=\"26fd204\" data-element_type=\"widget\" data-widget_type=\"text-editor.default\">\n\t\t\t\t<div class=\"elementor-widget-container\">\n\t\t\t\t\t\t\t\t\t<p class=\"translation-block\">Noon, enerji ve tar\u0131m emtialar\u0131n\u0131n geni\u015f bir yelpazesini ticaretini yapar ve \u00fcreticileri t\u00fcketicilerle bulu\u015fturmak i\u00e7in k\u00fcresel tedarik zincirlerinden faydalan\u0131r. Tar\u0131m sekt\u00f6r\u00fcnde, temel tar\u0131m \u00fcr\u00fcnlerini d\u00fcnya genelinde temin eder ve tedarik eder, her sevkiyatta tutarl\u0131l\u0131k ve kaliteyi garanti ederiz. \u00d6ne \u00e7\u0131kan tar\u0131m \u00fcr\u00fcnlerimiz \u015funlard\u0131r:<\/p><ul><li class=\"translation-block\"><strong>Bu\u011fday:<\/strong> \u00c7e\u015fitli pazar ihtiya\u00e7lar\u0131n\u0131 kar\u015f\u0131lamak \u00fczere g\u00fcvenilir k\u00fcresel tedarik\u00e7ilerden temin edilen premium s\u0131n\u0131f bu\u011fday.<\/li><li class=\"translation-block\"><strong>\u015eeker:<\/strong> Farkl\u0131 end\u00fcstriyel ve t\u00fcketici gereksinimlerine uygun rafine ve ham \u015feker.<\/li><li class=\"translation-block\"><strong>Un:<\/strong> End\u00fcstriyel ve perakende f\u0131r\u0131nc\u0131l\u0131k ihtiya\u00e7lar\u0131n\u0131 desteklemek i\u00e7in \u00fcretilen ve da\u011f\u0131t\u0131lan y\u00fcksek kaliteli un.<\/li><li class=\"translation-block\"><strong>Soya:<\/strong> G\u0131da \u00fcretiminden hayvan yemi kullan\u0131m\u0131na kadar \u00e7e\u015fitli ama\u00e7lar i\u00e7in besin<\/li><li class=\"translation-block\"><strong>Di\u011fer Emtialar:<\/strong> K\u00fcresel pazarlarda s\u00fcrekli tedarik sa\u011flamak i\u00e7in temin edilen ek temel tar\u0131m \u00fcr\u00fcnleri.<\/li><\/ul>\t\t\t\t\t\t\t\t<\/div>\n\t\t\t\t<\/div>\n\t\t\t\t<\/div>\n\t\t<div class=\"elementor-element elementor-element-ab092d3 e-con-full e-flex e-con e-child\" data-id=\"ab092d3\" data-element_type=\"container\" data-settings=\"{&quot;position&quot;:&quot;absolute&quot;}\">\n\t\t\t\t<div class=\"vamtam-has-theme-widget-styles elementor-element elementor-element-1380893 elementor-view-default elementor-widget elementor-widget-icon\" data-id=\"1380893\" data-element_type=\"widget\" data-widget_type=\"icon.default\">\n\t\t\t\t<div class=\"elementor-widget-container\">\n\t\t\t\t\t\t\t<div class=\"elementor-icon-wrapper\">\n\t\t\t<div class=\"elementor-icon\">\n\t\t\t<i aria-hidden=\"true\" class=\"vamtamtheme- vamtam-theme-sign-star\"><\/i>\t\t\t<\/div>\n\t\t<\/div>\n\t\t\t\t\t\t<\/div>\n\t\t\t\t<\/div>\n\t\t\t\t<\/div>\n\t\t\t\t<\/div>\n\t\t\t\t<div class=\"elementor-element elementor-element-4fb745b elementor-absolute elementor-widget elementor-widget-spacer\" data-id=\"4fb745b\" data-element_type=\"widget\" data-settings=\"{&quot;_position&quot;:&quot;absolute&quot;}\" data-widget_type=\"spacer.default\">\n\t\t\t\t<div class=\"elementor-widget-container\">\n\t\t\t\t\t\t\t<div class=\"elementor-spacer\">\n\t\t\t<div class=\"elementor-spacer-inner\"><\/div>\n\t\t<\/div>\n\t\t\t\t\t\t<\/div>\n\t\t\t\t<\/div>\n\t\t\t\t<\/div>\n\t\t\t\t\t<\/div>\n\t\t\t\t<\/div>\n\t\t<div class=\"elementor-element elementor-element-be3457e e-flex e-con-boxed e-con e-child\" data-id=\"be3457e\" data-element_type=\"container\">\n\t\t\t\t\t<div class=\"e-con-inner\">\n\t\t<div class=\"elementor-element elementor-element-a90f248 e-con-full vamtam-icon-hover-parent e-flex e-con e-child\" data-id=\"a90f248\" data-element_type=\"container\" data-settings=\"{&quot;background_background&quot;:&quot;classic&quot;}\">\n\t\t<div class=\"elementor-element elementor-element-19a4581 e-con-full e-flex e-con e-child\" data-id=\"19a4581\" data-element_type=\"container\">\n\t\t<div class=\"elementor-element elementor-element-d23f3cc e-con-full e-flex e-con e-child\" data-id=\"d23f3cc\" data-element_type=\"container\">\n\t\t<div class=\"elementor-element elementor-element-eabb49d e-con-full e-flex e-con e-child\" data-id=\"eabb49d\" data-element_type=\"container\">\n\t\t\t\t<div class=\"elementor-element elementor-element-a678f73 elementor-widget__width-auto elementor-widget elementor-widget-heading\" data-id=\"a678f73\" data-element_type=\"widget\" data-widget_type=\"heading.default\">\n\t\t\t\t<div class=\"elementor-widget-container\">\n\t\t\t\t\t<div class=\"elementor-heading-title elementor-size-default\">Depolama ve Lojistik \u00c7\u00f6z\u00fcmleri<\/div>\t\t\t\t<\/div>\n\t\t\t\t<\/div>\n\t\t\t\t<\/div>\n\t\t\t\t<div class=\"elementor-element elementor-element-aad979c elementor-widget elementor-widget-text-editor\" data-id=\"aad979c\" data-element_type=\"widget\" data-widget_type=\"text-editor.default\">\n\t\t\t\t<div class=\"elementor-widget-container\">\n\t\t\t\t\t\t\t\t\t<p>Emtia ticaretini desteklemek i\u00e7in ileri d\u00fczey depolama ve ta\u015f\u0131mac\u0131l\u0131k \u00e7\u00f6z\u00fcmleri sunuyoruz. Altyap\u0131m\u0131z \u015funlar\u0131 i\u00e7erir:<\/p><p class=\"translation-block\"><strong>Ta\u015f\u0131ma Hizmetleri:<\/strong> Emtialeri b\u00f6lgesel ve uluslararas\u0131 rotalarda g\u00fcvenli ve verimli bir \u015fekilde ta\u015f\u0131mak i\u00e7in g\u00fcvenilir ve tam koordine edilmi\u015f ta\u015f\u0131ma \u00e7\u00f6z\u00fcmleri.<\/p><p class=\"translation-block\"><strong>Petrol Depolama:<\/strong> Ham ve rafine petrol \u00fcr\u00fcnlerini g\u00fcvenli ve kaliteli bir \u015fekilde depolamak i\u00e7in son teknoloji tesisler.<\/p><p class=\"translation-block\"><strong>Petrokimya Depolama:<\/strong> Petrokimya \u00fcr\u00fcnleri i\u00e7in g\u00fcvenli ve stratejik olarak konumland\u0131r\u0131lm\u0131\u015f depolama alanlar\u0131.<\/p><p class=\"translation-block\"><strong>Depolama Alanlar\u0131:<\/strong> Bit\u00fcm ve kimyasallar dahil olmak \u00fczere \u00e7e\u015fitli emtialar i\u00e7in geli\u015fmi\u015f depolama alanlar\u0131, verimli da\u011f\u0131t\u0131m ve stok y\u00f6netimi sa\u011flar.<\/p>\t\t\t\t\t\t\t\t<\/div>\n\t\t\t\t<\/div>\n\t\t\t\t<\/div>\n\t\t<div class=\"elementor-element elementor-element-45bb509 e-con-full e-flex e-con e-child\" data-id=\"45bb509\" data-element_type=\"container\" data-settings=\"{&quot;position&quot;:&quot;absolute&quot;}\">\n\t\t\t\t<div class=\"vamtam-has-theme-widget-styles elementor-element elementor-element-ef9af20 elementor-view-default elementor-widget elementor-widget-icon\" data-id=\"ef9af20\" data-element_type=\"widget\" data-widget_type=\"icon.default\">\n\t\t\t\t<div class=\"elementor-widget-container\">\n\t\t\t\t\t\t\t<div class=\"elementor-icon-wrapper\">\n\t\t\t<div class=\"elementor-icon\">\n\t\t\t<i aria-hidden=\"true\" class=\"vamtamtheme- vamtam-theme-sign-star\"><\/i>\t\t\t<\/div>\n\t\t<\/div>\n\t\t\t\t\t\t<\/div>\n\t\t\t\t<\/div>\n\t\t\t\t<\/div>\n\t\t\t\t<\/div>\n\t\t\t\t<\/div>\n\t\t<div class=\"elementor-element elementor-element-3a0f732 e-con-full vamtam-icon-hover-parent e-flex e-con e-child\" data-id=\"3a0f732\" data-element_type=\"container\" data-settings=\"{&quot;background_background&quot;:&quot;classic&quot;}\">\n\t\t<div class=\"elementor-element elementor-element-9da8d49 e-con-full e-flex e-con e-child\" data-id=\"9da8d49\" data-element_type=\"container\">\n\t\t<div class=\"elementor-element elementor-element-ac85841 e-con-full e-flex e-con e-child\" data-id=\"ac85841\" data-element_type=\"container\">\n\t\t<div class=\"elementor-element elementor-element-3a3d283 e-con-full e-flex e-con e-child\" data-id=\"3a3d283\" data-element_type=\"container\">\n\t\t\t\t<div class=\"elementor-element elementor-element-d25de4c elementor-widget__width-auto elementor-widget elementor-widget-heading\" data-id=\"d25de4c\" data-element_type=\"widget\" data-widget_type=\"heading.default\">\n\t\t\t\t<div class=\"elementor-widget-container\">\n\t\t\t\t\t<div class=\"elementor-heading-title elementor-size-default\">\u00dcretim ve Da\u011f\u0131t\u0131m<\/div>\t\t\t\t<\/div>\n\t\t\t\t<\/div>\n\t\t\t\t<\/div>\n\t\t\t\t<div class=\"elementor-element elementor-element-25c6919 elementor-widget elementor-widget-text-editor\" data-id=\"25c6919\" data-element_type=\"widget\" data-widget_type=\"text-editor.default\">\n\t\t\t\t<div class=\"elementor-widget-container\">\n\t\t\t\t\t\t\t\t\t<p>\u00c7e\u015fitli operasyonlar\u0131m\u0131z\u0131n bir par\u00e7as\u0131 olarak, Noon ayn\u0131 zamanda g\u0131da ve i\u00e7ecek \u00fcr\u00fcnlerinin \u00fcretimi ve da\u011f\u0131t\u0131m\u0131na yat\u0131r\u0131m yapmaktad\u0131r. Bu temel b\u00f6l\u00fcm, hem d\u00f6kme hem de konteynerli \u00fcr\u00fcnlerde uzmanla\u015fm\u0131\u015f olup, birden fazla \u00fclkede faaliyet g\u00f6stermektedir. End\u00fcstriyel tesislerimiz, \u00fcretim ve tedarik s\u00fcrecinin her a\u015famas\u0131nda verimlilik ve kaliteyi sa\u011flamak i\u00e7in ileri teknoloji ve modern y\u00f6netim sistemleri kullan\u0131r. Verimli tar\u0131msal i\u015fleme ve g\u00fcvenilir da\u011f\u0131t\u0131m sunarak, y\u00fcksek kaliteli \u00fcr\u00fcnlerin k\u00fcresel pazarlara sorunsuz \u015fekilde ula\u015fmas\u0131n\u0131 garanti ediyoruz.<\/p>\t\t\t\t\t\t\t\t<\/div>\n\t\t\t\t<\/div>\n\t\t\t\t<\/div>\n\t\t<div class=\"elementor-element elementor-element-b0157e8 e-con-full e-flex e-con e-child\" data-id=\"b0157e8\" data-element_type=\"container\" data-settings=\"{&quot;position&quot;:&quot;absolute&quot;}\">\n\t\t\t\t<div class=\"vamtam-has-theme-widget-styles elementor-element elementor-element-1d68271 elementor-view-default elementor-widget elementor-widget-icon\" data-id=\"1d68271\" data-element_type=\"widget\" data-widget_type=\"icon.default\">\n\t\t\t\t<div class=\"elementor-widget-container\">\n\t\t\t\t\t\t\t<div class=\"elementor-icon-wrapper\">\n\t\t\t<div class=\"elementor-icon\">\n\t\t\t<i aria-hidden=\"true\" class=\"vamtamtheme- vamtam-theme-sign-star\"><\/i>\t\t\t<\/div>\n\t\t<\/div>\n\t\t\t\t\t\t<\/div>\n\t\t\t\t<\/div>\n\t\t\t\t<\/div>\n\t\t\t\t<\/div>\n\t\t\t\t<div class=\"elementor-element elementor-element-d07470f elementor-absolute elementor-widget elementor-widget-spacer\" data-id=\"d07470f\" data-element_type=\"widget\" data-settings=\"{&quot;_position&quot;:&quot;absolute&quot;}\" data-widget_type=\"spacer.default\">\n\t\t\t\t<div class=\"elementor-widget-container\">\n\t\t\t\t\t\t\t<div class=\"elementor-spacer\">\n\t\t\t<div class=\"elementor-spacer-inner\"><\/div>\n\t\t<\/div>\n\t\t\t\t\t\t<\/div>\n\t\t\t\t<\/div>\n\t\t\t\t<\/div>\n\t\t\t\t\t<\/div>\n\t\t\t\t<\/div>\n\t\t\t\t<\/div>","protected":false},"excerpt":{"rendered":"<p>Energy \u201cOil &amp; Gas\u201d At Noon, we play a vital role in the global oil and gas value chain, offering integrated solutions that span exploration support, trading, logistics, and investment. Our operations focus on creating efficiency and sustainability across every stage \u2014 from upstream supply to downstream delivery. We source and trade a wide range&#8230;<\/p>","protected":false},"author":1,"featured_media":988019,"parent":0,"menu_order":0,"comment_status":"closed","ping_status":"closed","template":"","meta":{"_acf_changed":false,"footnotes":""},"class_list":["post-25","page","type-page","status-publish","has-post-thumbnail","hentry"],"acf":[],"_links":{"self":[{"href":"https:\/\/noontrade.com\/tr\/wp-json\/wp\/v2\/pages\/25","targetHints":{"allow":["GET"]}}],"collection":[{"href":"https:\/\/noontrade.com\/tr\/wp-json\/wp\/v2\/pages"}],"about":[{"href":"https:\/\/noontrade.com\/tr\/wp-json\/wp\/v2\/types\/page"}],"author":[{"embeddable":true,"href":"https:\/\/noontrade.com\/tr\/wp-json\/wp\/v2\/users\/1"}],"replies":[{"embeddable":true,"href":"https:\/\/noontrade.com\/tr\/wp-json\/wp\/v2\/comments?post=25"}],"version-history":[{"count":23,"href":"https:\/\/noontrade.com\/tr\/wp-json\/wp\/v2\/pages\/25\/revisions"}],"predecessor-version":[{"id":988300,"href":"https:\/\/noontrade.com\/tr\/wp-json\/wp\/v2\/pages\/25\/revisions\/988300"}],"wp:featuredmedia":[{"embeddable":true,"href":"https:\/\/noontrade.com\/tr\/wp-json\/wp\/v2\/media\/988019"}],"wp:attachment":[{"href":"https:\/\/noontrade.com\/tr\/wp-json\/wp\/v2\/media?parent=25"}],"curies":[{"name":"wp","href":"https:\/\/api.w.org\/{rel}","templated":true}]}}